{"id":7934,"date":"2020-07-13T16:54:29","date_gmt":"2020-07-13T14:54:29","guid":{"rendered":"https:\/\/www.breesnewworld.nl\/?post_type=product&#038;p=7934"},"modified":"2025-09-26T15:58:08","modified_gmt":"2025-09-26T13:58:08","slug":"lunette-schwarzer-rahmen","status":"publish","type":"product","link":"https:\/\/www.breesnewworld.nl\/de\/collectie\/eetkamerstoelen\/lunette-zwart-frame\/","title":{"rendered":"Esszimmerstuhl Lunette \u2013 Gestell schwarz"},"content":{"rendered":"","protected":false},"excerpt":{"rendered":"Die Lunette aus Bree&#039;s New World oder der Luna Esszimmerstuhl mit gepolsterten Armlehnen. In Bezug auf Sitzkomfort und Aussehen ist es genau das <a href=\"https:\/\/www.breesnewworld.nl\/de\/sammlung\/eetkamer-stoelen\/luna-schwarzer-rahmen\/\">Luna<\/a>Nur der Metallausleger an der Vorderseite des Sitzes f\u00e4hrt nach oben fort, um Armlehnen zu schaffen. Die Lunette wird daher h\u00e4ufig mit der Luna kombiniert, beispielsweise wenn es zu Hause schwierig ist, zu entscheiden, ob Esszimmerst\u00fchle mit oder ohne Armlehnen gew\u00e4hlt werden sollen. Dann beides!","protected":false},"featured_media":7936,"template":"","meta":{"_acf_changed":false},"product_brand":[],"product_cat":[64],"product_tag":[],"class_list":{"0":"post-7934","1":"product","2":"type-product","3":"status-publish","4":"has-post-thumbnail","6":"product_cat-eetkamerstoelen","8":"first","9":"instock","10":"taxable","11":"shipping-taxable","12":"product-type-simple"},"exclude_global_add_ons":[],"addons":[],"acf":[],"yoast_head":null,"yoast_head_json":null,"_links":{"self":[{"href":"https:\/\/www.breesnewworld.nl\/de\/wp-json\/wp\/v2\/product\/7934","targetHints":{"allow":["GET"]}}],"collection":[{"href":"https:\/\/www.breesnewworld.nl\/de\/wp-json\/wp\/v2\/product"}],"about":[{"href":"https:\/\/www.breesnewworld.nl\/de\/wp-json\/wp\/v2\/types\/product"}],"wp:featuredmedia":[{"embeddable":true,"href":"https:\/\/www.breesnewworld.nl\/de\/wp-json\/wp\/v2\/media\/7936"}],"wp:attachment":[{"href":"https:\/\/www.breesnewworld.nl\/de\/wp-json\/wp\/v2\/media?parent=7934"}],"wp:term":[{"taxonomy":"product_brand","embeddable":true,"href":"https:\/\/www.breesnewworld.nl\/de\/wp-json\/wp\/v2\/product_brand?post=7934"},{"taxonomy":"product_cat","embeddable":true,"href":"https:\/\/www.breesnewworld.nl\/de\/wp-json\/wp\/v2\/product_cat?post=7934"},{"taxonomy":"product_tag","embeddable":true,"href":"https:\/\/www.breesnewworld.nl\/de\/wp-json\/wp\/v2\/product_tag?post=7934"}],"curies":[{"name":"wp","href":"https:\/\/api.w.org\/{rel}","templated":true}]}}