{"id":7953,"date":"2020-07-13T17:25:44","date_gmt":"2020-07-13T15:25:44","guid":{"rendered":"https:\/\/www.breesnewworld.nl\/?post_type=product&#038;p=7953"},"modified":"2025-09-25T21:36:33","modified_gmt":"2025-09-25T19:36:33","slug":"tulipan-arm","status":"publish","type":"product","link":"https:\/\/www.breesnewworld.nl\/de\/collectie\/eetkamerstoelen\/tulipan-arm\/","title":{"rendered":"Esszimmerstuhl Tulipan Arm"},"content":{"rendered":"","protected":false},"excerpt":{"rendered":"Der Name sagt schon alles: Diese &#039;Tulpe&#039; folgt und unterst\u00fctzt Ihren K\u00f6rper perfekt mit seinen glatten Linien. Der Esszimmerstuhl Tulipan Arm bietet ein Ma\u00df an Komfort, das Sie von einem so minimalistischen Stuhl nicht erwarten w\u00fcrden. Auf diese Weise sitzen Sie perfekt und halten Ihr Esszimmer luftig. Es wird empfohlen, die R\u00fcckenlehne des Tulipan in einer hellen, kontrastierenden Farbe im Vergleich zum Sitz zu w\u00e4hlen. Mit den Tulipan Esszimmerst\u00fchlen haben Sie also immer Blumen zu Hause! Der Tulipan Arm ist auch ohne Armlehnen wie die erh\u00e4ltlich <a href=\"https:\/\/www.breesnewworld.nl\/de\/sammlung\/eetkamer-stoelen\/tulipan\/\">Tulipan<\/a>.","protected":false},"featured_media":7954,"template":"","meta":{"_acf_changed":false},"product_brand":[],"product_cat":[64],"product_tag":[],"class_list":{"0":"post-7953","1":"product","2":"type-product","3":"status-publish","4":"has-post-thumbnail","6":"product_cat-eetkamerstoelen","8":"first","9":"instock","10":"taxable","11":"shipping-taxable","12":"product-type-simple"},"exclude_global_add_ons":[],"addons":[],"acf":[],"yoast_head":null,"yoast_head_json":null,"_links":{"self":[{"href":"https:\/\/www.breesnewworld.nl\/de\/wp-json\/wp\/v2\/product\/7953","targetHints":{"allow":["GET"]}}],"collection":[{"href":"https:\/\/www.breesnewworld.nl\/de\/wp-json\/wp\/v2\/product"}],"about":[{"href":"https:\/\/www.breesnewworld.nl\/de\/wp-json\/wp\/v2\/types\/product"}],"wp:featuredmedia":[{"embeddable":true,"href":"https:\/\/www.breesnewworld.nl\/de\/wp-json\/wp\/v2\/media\/7954"}],"wp:attachment":[{"href":"https:\/\/www.breesnewworld.nl\/de\/wp-json\/wp\/v2\/media?parent=7953"}],"wp:term":[{"taxonomy":"product_brand","embeddable":true,"href":"https:\/\/www.breesnewworld.nl\/de\/wp-json\/wp\/v2\/product_brand?post=7953"},{"taxonomy":"product_cat","embeddable":true,"href":"https:\/\/www.breesnewworld.nl\/de\/wp-json\/wp\/v2\/product_cat?post=7953"},{"taxonomy":"product_tag","embeddable":true,"href":"https:\/\/www.breesnewworld.nl\/de\/wp-json\/wp\/v2\/product_tag?post=7953"}],"curies":[{"name":"wp","href":"https:\/\/api.w.org\/{rel}","templated":true}]}}