{"id":7990,"date":"2020-07-14T09:25:50","date_gmt":"2020-07-14T07:25:50","guid":{"rendered":"https:\/\/www.breesnewworld.nl\/?post_type=product&#038;p=7990"},"modified":"2025-09-25T21:44:11","modified_gmt":"2025-09-25T19:44:11","slug":"fliegen","status":"publish","type":"product","link":"https:\/\/www.breesnewworld.nl\/de\/sammlung\/eetkamerstoelen\/fliegen\/","title":{"rendered":"Esszimmerstuhl Fly"},"content":{"rendered":"","protected":false},"excerpt":{"rendered":"Das Design des Fly Esszimmerstuhls zeichnet sich durch die starke, grafische Linie des Hinterbeins aus. Es springt wie ein Raubtier nach vorne und ist auch Teil des R\u00fcckens. Der Komfort dieses Esszimmerstuhls beruht haupts\u00e4chlich auf der Form der R\u00fcckenlehne, die die Kr\u00fcmmung Ihrer R\u00fcckenlehne umschlie\u00dft und st\u00fctzt. Auf diese Weise wird die starke Form auch Teil der Stuhlfunktion. Der Esszimmerstuhl Fly ist auch in der Version ohne Armlehnen erh\u00e4ltlich <a href=\"https:\/\/www.breesnewworld.nl\/de\/sammlung\/eetkamer-stoelen\/schwungrad\/\">mit R\u00e4dern<\/a>. Dar\u00fcber hinaus ist Fly ebenfalls erh\u00e4ltlich <a href=\"https:\/\/www.breesnewworld.nl\/de\/sammlung\/eetkamer-stoelen\/fliegender-arm\/\">mit Armlehne<\/a>.\r\n\r\n&nbsp;","protected":false},"featured_media":7991,"template":"","meta":{"_acf_changed":false},"product_brand":[],"product_cat":[64],"product_tag":[],"class_list":{"0":"post-7990","1":"product","2":"type-product","3":"status-publish","4":"has-post-thumbnail","6":"product_cat-eetkamerstoelen","8":"first","9":"instock","10":"taxable","11":"shipping-taxable","12":"product-type-simple"},"exclude_global_add_ons":[],"addons":[],"acf":[],"yoast_head":null,"yoast_head_json":null,"_links":{"self":[{"href":"https:\/\/www.breesnewworld.nl\/de\/wp-json\/wp\/v2\/product\/7990","targetHints":{"allow":["GET"]}}],"collection":[{"href":"https:\/\/www.breesnewworld.nl\/de\/wp-json\/wp\/v2\/product"}],"about":[{"href":"https:\/\/www.breesnewworld.nl\/de\/wp-json\/wp\/v2\/types\/product"}],"wp:featuredmedia":[{"embeddable":true,"href":"https:\/\/www.breesnewworld.nl\/de\/wp-json\/wp\/v2\/media\/7991"}],"wp:attachment":[{"href":"https:\/\/www.breesnewworld.nl\/de\/wp-json\/wp\/v2\/media?parent=7990"}],"wp:term":[{"taxonomy":"product_brand","embeddable":true,"href":"https:\/\/www.breesnewworld.nl\/de\/wp-json\/wp\/v2\/product_brand?post=7990"},{"taxonomy":"product_cat","embeddable":true,"href":"https:\/\/www.breesnewworld.nl\/de\/wp-json\/wp\/v2\/product_cat?post=7990"},{"taxonomy":"product_tag","embeddable":true,"href":"https:\/\/www.breesnewworld.nl\/de\/wp-json\/wp\/v2\/product_tag?post=7990"}],"curies":[{"name":"wp","href":"https:\/\/api.w.org\/{rel}","templated":true}]}}