{"id":8007,"date":"2020-07-14T09:35:54","date_gmt":"2020-07-14T07:35:54","guid":{"rendered":"https:\/\/www.breesnewworld.nl\/?post_type=product&#038;p=8007"},"modified":"2025-09-26T15:56:19","modified_gmt":"2025-09-26T13:56:19","slug":"luna","status":"publish","type":"product","link":"https:\/\/www.breesnewworld.nl\/de\/sammlung\/eetkamerstoelen\/luna\/","title":{"rendered":"Esszimmerstuhl Luna"},"content":{"rendered":"","protected":false},"excerpt":{"rendered":"De Luna aus Bree&#039;s New World, ein zeitloser Esszimmerstuhl f\u00fcr das moderne Esszimmer. Dieser Esszimmerstuhl h\u00e4lt m\u00fchelos den neuesten M\u00f6beltrends stand und ist seit \u00fcber einem Jahrzehnt Teil der New World-Kollektion von Bree. Neben seinem schlanken Design wird der Luna von den Kunden f\u00fcr seinen hervorragenden Sitzkomfort sehr gelobt. Das schlanke, ergonomisch geformte Cockpit und der leicht gefederte Ausleger sorgen daf\u00fcr, dass Sie sich beim Sitzen auf der Luna nicht so leicht langweilen. Die Luna ist auch mit Armlehnen wie der erh\u00e4ltlich <a href=\"https:\/\/www.breesnewworld.nl\/de\/sammlung\/eetkamer-stoelen\/lunette\/\">Lunette<\/a> oder <a href=\"https:\/\/www.breesnewworld.nl\/de\/sammlung\/eetkamer-stoelen\/luna-arm\/\">Luna Arm<\/a>.","protected":false},"featured_media":8014,"template":"","meta":{"_acf_changed":false},"product_brand":[],"product_cat":[64],"product_tag":[],"class_list":{"0":"post-8007","1":"product","2":"type-product","3":"status-publish","4":"has-post-thumbnail","6":"product_cat-eetkamerstoelen","8":"first","9":"instock","10":"taxable","11":"shipping-taxable","12":"product-type-simple"},"exclude_global_add_ons":[],"addons":[],"acf":[],"yoast_head":null,"yoast_head_json":null,"_links":{"self":[{"href":"https:\/\/www.breesnewworld.nl\/de\/wp-json\/wp\/v2\/product\/8007","targetHints":{"allow":["GET"]}}],"collection":[{"href":"https:\/\/www.breesnewworld.nl\/de\/wp-json\/wp\/v2\/product"}],"about":[{"href":"https:\/\/www.breesnewworld.nl\/de\/wp-json\/wp\/v2\/types\/product"}],"wp:featuredmedia":[{"embeddable":true,"href":"https:\/\/www.breesnewworld.nl\/de\/wp-json\/wp\/v2\/media\/8014"}],"wp:attachment":[{"href":"https:\/\/www.breesnewworld.nl\/de\/wp-json\/wp\/v2\/media?parent=8007"}],"wp:term":[{"taxonomy":"product_brand","embeddable":true,"href":"https:\/\/www.breesnewworld.nl\/de\/wp-json\/wp\/v2\/product_brand?post=8007"},{"taxonomy":"product_cat","embeddable":true,"href":"https:\/\/www.breesnewworld.nl\/de\/wp-json\/wp\/v2\/product_cat?post=8007"},{"taxonomy":"product_tag","embeddable":true,"href":"https:\/\/www.breesnewworld.nl\/de\/wp-json\/wp\/v2\/product_tag?post=8007"}],"curies":[{"name":"wp","href":"https:\/\/api.w.org\/{rel}","templated":true}]}}