{"id":8024,"date":"2020-07-14T09:42:09","date_gmt":"2020-07-14T07:42:09","guid":{"rendered":"https:\/\/www.breesnewworld.nl\/?post_type=product&#038;p=8024"},"modified":"2025-10-03T12:00:10","modified_gmt":"2025-10-03T10:00:10","slug":"luna-barhocker-hoch","status":"publish","type":"product","link":"https:\/\/www.breesnewworld.nl\/de\/sammlung\/barkrukken\/luna-barhocker-hoch\/","title":{"rendered":"Luna Barhocker - hoch"},"content":{"rendered":"","protected":false},"excerpt":{"rendered":"Barhocker Luna: Ein robuster, industrieller Barhocker auf einem angenehmen, leicht gefederten Auslegerrahmen. Dank der zwei unterschiedlichen H\u00f6hen, in denen er erh\u00e4ltlich ist, kann dieser minimalistische Barstuhl auf einem Stehtisch, einer Kochinsel oder einer K\u00fccheneinheit verwendet werden. Der Rahmen ist in Edelstahl oder schwarzem Epoxid erh\u00e4ltlich. Neben diesem Barhocker gibt es auch die <a href=\"https:\/\/www.breesnewworld.nl\/de\/sammlung\/eetkamer-stoelen\/luna\/\">Essensstuhl<\/a> und <a href=\"https:\/\/www.breesnewworld.nl\/de\/sammlung\/eettafels\/luna-esstisch\/\">Esstisch<\/a> Luna.","protected":false},"featured_media":8027,"template":"","meta":{"_acf_changed":false},"product_brand":[],"product_cat":[79],"product_tag":[],"class_list":{"0":"post-8024","1":"product","2":"type-product","3":"status-publish","4":"has-post-thumbnail","6":"product_cat-barkrukken","8":"first","9":"instock","10":"taxable","11":"shipping-taxable","12":"product-type-simple"},"exclude_global_add_ons":[],"addons":[],"acf":[],"yoast_head":null,"yoast_head_json":null,"_links":{"self":[{"href":"https:\/\/www.breesnewworld.nl\/de\/wp-json\/wp\/v2\/product\/8024","targetHints":{"allow":["GET"]}}],"collection":[{"href":"https:\/\/www.breesnewworld.nl\/de\/wp-json\/wp\/v2\/product"}],"about":[{"href":"https:\/\/www.breesnewworld.nl\/de\/wp-json\/wp\/v2\/types\/product"}],"wp:featuredmedia":[{"embeddable":true,"href":"https:\/\/www.breesnewworld.nl\/de\/wp-json\/wp\/v2\/media\/8027"}],"wp:attachment":[{"href":"https:\/\/www.breesnewworld.nl\/de\/wp-json\/wp\/v2\/media?parent=8024"}],"wp:term":[{"taxonomy":"product_brand","embeddable":true,"href":"https:\/\/www.breesnewworld.nl\/de\/wp-json\/wp\/v2\/product_brand?post=8024"},{"taxonomy":"product_cat","embeddable":true,"href":"https:\/\/www.breesnewworld.nl\/de\/wp-json\/wp\/v2\/product_cat?post=8024"},{"taxonomy":"product_tag","embeddable":true,"href":"https:\/\/www.breesnewworld.nl\/de\/wp-json\/wp\/v2\/product_tag?post=8024"}],"curies":[{"name":"wp","href":"https:\/\/api.w.org\/{rel}","templated":true}]}}