{"id":8037,"date":"2020-07-14T09:52:02","date_gmt":"2020-07-14T07:52:02","guid":{"rendered":"https:\/\/www.breesnewworld.nl\/?post_type=product&#038;p=8037"},"modified":"2025-10-03T11:31:55","modified_gmt":"2025-10-03T09:31:55","slug":"elan","status":"publish","type":"product","link":"https:\/\/www.breesnewworld.nl\/de\/sammlung\/eetkamerstoelen\/elan\/","title":{"rendered":"Esszimmerstuhl Panache"},"content":{"rendered":"","protected":false},"excerpt":{"rendered":"Der Entwurfsprozess des Esszimmerstuhls Panache begann mit dem Gedanken: Auf was f\u00fcr einem Esszimmerstuhl m\u00f6chte ich den ganzen Abend sitzen? Und was bedeutet das f\u00fcr den Komfort, die Proportionen und den Schaum auf dem Sitz und der R\u00fcckenlehne eines solchen Esszimmerstuhls? Und m\u00fcssen wir dem Stuhl noch Funktionen hinzuf\u00fcgen? Designer Hans Daalder beschreibt das Ergebnis lieber als einen luxuri\u00f6sen Esszimmer-Sessel, in dem die optionale Drehfunktion die Flexibilit\u00e4t und den Komfort weiter erh\u00f6ht. Mit dem Panache kann das After-Dinner lange dauern! Esszimmer Sessel Panache ist sowohl ohne als auch <a href=\"https:\/\/www.breesnewworld.nl\/de\/sammlung\/eetkamer-stoelen\/elan-arm\/\">mit Armlehne<\/a> ausgetragen werden.","protected":false},"featured_media":8041,"template":"","meta":{"_acf_changed":false},"product_brand":[],"product_cat":[64],"product_tag":[],"class_list":{"0":"post-8037","1":"product","2":"type-product","3":"status-publish","4":"has-post-thumbnail","6":"product_cat-eetkamerstoelen","8":"first","9":"instock","10":"taxable","11":"shipping-taxable","12":"product-type-simple"},"exclude_global_add_ons":[],"addons":[],"acf":[],"yoast_head":null,"yoast_head_json":null,"_links":{"self":[{"href":"https:\/\/www.breesnewworld.nl\/de\/wp-json\/wp\/v2\/product\/8037","targetHints":{"allow":["GET"]}}],"collection":[{"href":"https:\/\/www.breesnewworld.nl\/de\/wp-json\/wp\/v2\/product"}],"about":[{"href":"https:\/\/www.breesnewworld.nl\/de\/wp-json\/wp\/v2\/types\/product"}],"wp:featuredmedia":[{"embeddable":true,"href":"https:\/\/www.breesnewworld.nl\/de\/wp-json\/wp\/v2\/media\/8041"}],"wp:attachment":[{"href":"https:\/\/www.breesnewworld.nl\/de\/wp-json\/wp\/v2\/media?parent=8037"}],"wp:term":[{"taxonomy":"product_brand","embeddable":true,"href":"https:\/\/www.breesnewworld.nl\/de\/wp-json\/wp\/v2\/product_brand?post=8037"},{"taxonomy":"product_cat","embeddable":true,"href":"https:\/\/www.breesnewworld.nl\/de\/wp-json\/wp\/v2\/product_cat?post=8037"},{"taxonomy":"product_tag","embeddable":true,"href":"https:\/\/www.breesnewworld.nl\/de\/wp-json\/wp\/v2\/product_tag?post=8037"}],"curies":[{"name":"wp","href":"https:\/\/api.w.org\/{rel}","templated":true}]}}