{"id":8042,"date":"2020-07-14T09:54:31","date_gmt":"2020-07-14T07:54:31","guid":{"rendered":"https:\/\/www.breesnewworld.nl\/?post_type=product&#038;p=8042"},"modified":"2025-09-26T16:39:52","modified_gmt":"2025-09-26T14:39:52","slug":"rikki-pfote","status":"publish","type":"product","link":"https:\/\/www.breesnewworld.nl\/de\/sammlung\/eetkamerstoelen\/rikki-pfote\/","title":{"rendered":"Esszimmerstuhl Rikki \u2013 leg"},"content":{"rendered":"","protected":false},"excerpt":{"rendered":"Musik kann oft eine Inspirationsquelle sein, um einen Namen f\u00fcr einen Esszimmerstuhl zu finden. 2014 suchte Designer Peter Schreuder Goedheijt nach zwei eing\u00e4ngigen Namen f\u00fcr eine neue Esszimmerkombination. W\u00e4hrend er das Lied &#039;Rikki nicht diese Nummer verlieren&#039; von Steely h\u00f6rte, wusste er dann ... Der Esszimmerstuhl Rikki zeichnet sich durch seine eleganten Kurven aus, die perfekt zur eif\u00f6rmigen Oberseite des Esstisches passen <a href=\"https:\/\/www.breesnewworld.nl\/de\/sammlung\/eettafels\/stahlerner-eiformiger-esstisch\/\">Steely<\/a>. Die Kombination von Rikki und Steely ist ideal f\u00fcr diejenigen, die den Essbereich etwas kompakt halten m\u00f6chten, aber dennoch sch\u00f6n und auff\u00e4llig. Der Rikki-Esszimmerstuhl knallt, wenn er mit einer kr\u00e4ftigen, kontrastierenden Stoff-Leder-Kombination bezogen ist. Dar\u00fcber hinaus steht dieser leichte, kompakte Stuhl gerne in mehreren Farben am Esstisch. Neben den Beinen kann der Rikki Esszimmerstuhl auch mit einem ausgestattet werden <a href=\"https:\/\/www.breesnewworld.nl\/de\/sammlung\/eetkamer-stoelen\/rikki-slede\/\">Schlittenrahmen<\/a>.","protected":false},"featured_media":8046,"template":"","meta":{"_acf_changed":false},"product_brand":[],"product_cat":[64],"product_tag":[],"class_list":{"0":"post-8042","1":"product","2":"type-product","3":"status-publish","4":"has-post-thumbnail","6":"product_cat-eetkamerstoelen","8":"first","9":"instock","10":"taxable","11":"shipping-taxable","12":"product-type-simple"},"exclude_global_add_ons":[],"addons":[],"acf":[],"yoast_head":null,"yoast_head_json":null,"_links":{"self":[{"href":"https:\/\/www.breesnewworld.nl\/de\/wp-json\/wp\/v2\/product\/8042","targetHints":{"allow":["GET"]}}],"collection":[{"href":"https:\/\/www.breesnewworld.nl\/de\/wp-json\/wp\/v2\/product"}],"about":[{"href":"https:\/\/www.breesnewworld.nl\/de\/wp-json\/wp\/v2\/types\/product"}],"wp:featuredmedia":[{"embeddable":true,"href":"https:\/\/www.breesnewworld.nl\/de\/wp-json\/wp\/v2\/media\/8046"}],"wp:attachment":[{"href":"https:\/\/www.breesnewworld.nl\/de\/wp-json\/wp\/v2\/media?parent=8042"}],"wp:term":[{"taxonomy":"product_brand","embeddable":true,"href":"https:\/\/www.breesnewworld.nl\/de\/wp-json\/wp\/v2\/product_brand?post=8042"},{"taxonomy":"product_cat","embeddable":true,"href":"https:\/\/www.breesnewworld.nl\/de\/wp-json\/wp\/v2\/product_cat?post=8042"},{"taxonomy":"product_tag","embeddable":true,"href":"https:\/\/www.breesnewworld.nl\/de\/wp-json\/wp\/v2\/product_tag?post=8042"}],"curies":[{"name":"wp","href":"https:\/\/api.w.org\/{rel}","templated":true}]}}