{"id":8066,"date":"2020-07-14T10:05:46","date_gmt":"2020-07-14T08:05:46","guid":{"rendered":"https:\/\/www.breesnewworld.nl\/?post_type=product&#038;p=8066"},"modified":"2025-10-03T10:54:05","modified_gmt":"2025-10-03T08:54:05","slug":"spin-g","status":"publish","type":"product","link":"https:\/\/www.breesnewworld.nl\/de\/sammlung\/eetkamerstoelen\/spin-g\/","title":{"rendered":"Esszimmerstuhl Spin G"},"content":{"rendered":"","protected":false},"excerpt":{"rendered":"Der Spin G Esszimmerstuhl h\u00e4ngt nicht von seinem Namen ab, sondern vor allem von seinem fr\u00f6hlichen Aussehen. Besonders wenn dieser leichte Esszimmerstuhl auf Holzbeinen in mehreren Leder- oder Stofffarben kombiniert wird, wird er schnell zu einem der Trendsetter in Ihrem Interieur. Eine Stoff-Leder-Kombination eignet sich auch hervorragend f\u00fcr den Spin G, zum Beispiel mit dem Sitz aus Leder und dem R\u00fccken in verschiedenen, hellen Stofffarben. Der Spin G ist auch mit Armlehnen wie der erh\u00e4ltlich <a href=\"https:\/\/www.breesnewworld.nl\/de\/sammlung\/eetkamer-stoelen\/spin-ga\/\">Spin GA<\/a>.","protected":false},"featured_media":8068,"template":"","meta":{"_acf_changed":false},"product_brand":[],"product_cat":[64],"product_tag":[],"class_list":{"0":"post-8066","1":"product","2":"type-product","3":"status-publish","4":"has-post-thumbnail","6":"product_cat-eetkamerstoelen","8":"first","9":"instock","10":"taxable","11":"shipping-taxable","12":"product-type-simple"},"exclude_global_add_ons":[],"addons":[],"acf":[],"yoast_head":null,"yoast_head_json":null,"_links":{"self":[{"href":"https:\/\/www.breesnewworld.nl\/de\/wp-json\/wp\/v2\/product\/8066","targetHints":{"allow":["GET"]}}],"collection":[{"href":"https:\/\/www.breesnewworld.nl\/de\/wp-json\/wp\/v2\/product"}],"about":[{"href":"https:\/\/www.breesnewworld.nl\/de\/wp-json\/wp\/v2\/types\/product"}],"wp:featuredmedia":[{"embeddable":true,"href":"https:\/\/www.breesnewworld.nl\/de\/wp-json\/wp\/v2\/media\/8068"}],"wp:attachment":[{"href":"https:\/\/www.breesnewworld.nl\/de\/wp-json\/wp\/v2\/media?parent=8066"}],"wp:term":[{"taxonomy":"product_brand","embeddable":true,"href":"https:\/\/www.breesnewworld.nl\/de\/wp-json\/wp\/v2\/product_brand?post=8066"},{"taxonomy":"product_cat","embeddable":true,"href":"https:\/\/www.breesnewworld.nl\/de\/wp-json\/wp\/v2\/product_cat?post=8066"},{"taxonomy":"product_tag","embeddable":true,"href":"https:\/\/www.breesnewworld.nl\/de\/wp-json\/wp\/v2\/product_tag?post=8066"}],"curies":[{"name":"wp","href":"https:\/\/api.w.org\/{rel}","templated":true}]}}