{"id":8074,"date":"2020-07-14T10:41:22","date_gmt":"2020-07-14T08:41:22","guid":{"rendered":"https:\/\/www.breesnewworld.nl\/?post_type=product&#038;p=8074"},"modified":"2025-10-03T12:18:21","modified_gmt":"2025-10-03T10:18:21","slug":"spin-l-barhocker-medium","status":"publish","type":"product","link":"https:\/\/www.breesnewworld.nl\/de\/collectie\/barkrukken\/spin-l-barkruk-medium\/","title":{"rendered":"Spin L \u2013 niedriger Barhocker"},"content":{"rendered":"","protected":false},"excerpt":{"rendered":"Barhocker Spin L oder der Luna Barhocker mit Holzbeinen. Der Spinnenst\u00e4nder aus Eichenholz oder Walnuss, auf dem dieser Barhocker steht, ist der gleiche wie der des Esszimmerstuhls\u00a0<a href=\"https:\/\/www.breesnewworld.nl\/de\/sammlung\/eetkamer-stoelen\/spin-f\/\">Spinne F.<\/a>Das macht diesen Barstuhl sehr sch\u00f6n, um ihn im selben Wohnzimmer zu kombinieren. Dank der zwei unterschiedlichen H\u00f6hen, in denen er erh\u00e4ltlich ist, kann der Spin L Barhocker auf einem Stehtisch, einer Kochinsel oder einer K\u00fccheneinheit verwendet werden.","protected":false},"featured_media":8076,"template":"","meta":{"_acf_changed":false},"product_brand":[],"product_cat":[79],"product_tag":[],"class_list":{"0":"post-8074","1":"product","2":"type-product","3":"status-publish","4":"has-post-thumbnail","6":"product_cat-barkrukken","8":"first","9":"instock","10":"taxable","11":"shipping-taxable","12":"product-type-simple"},"exclude_global_add_ons":[],"addons":[],"acf":[],"yoast_head":null,"yoast_head_json":null,"_links":{"self":[{"href":"https:\/\/www.breesnewworld.nl\/de\/wp-json\/wp\/v2\/product\/8074","targetHints":{"allow":["GET"]}}],"collection":[{"href":"https:\/\/www.breesnewworld.nl\/de\/wp-json\/wp\/v2\/product"}],"about":[{"href":"https:\/\/www.breesnewworld.nl\/de\/wp-json\/wp\/v2\/types\/product"}],"wp:featuredmedia":[{"embeddable":true,"href":"https:\/\/www.breesnewworld.nl\/de\/wp-json\/wp\/v2\/media\/8076"}],"wp:attachment":[{"href":"https:\/\/www.breesnewworld.nl\/de\/wp-json\/wp\/v2\/media?parent=8074"}],"wp:term":[{"taxonomy":"product_brand","embeddable":true,"href":"https:\/\/www.breesnewworld.nl\/de\/wp-json\/wp\/v2\/product_brand?post=8074"},{"taxonomy":"product_cat","embeddable":true,"href":"https:\/\/www.breesnewworld.nl\/de\/wp-json\/wp\/v2\/product_cat?post=8074"},{"taxonomy":"product_tag","embeddable":true,"href":"https:\/\/www.breesnewworld.nl\/de\/wp-json\/wp\/v2\/product_tag?post=8074"}],"curies":[{"name":"wp","href":"https:\/\/api.w.org\/{rel}","templated":true}]}}