{"id":8154,"date":"2020-07-14T11:36:18","date_gmt":"2020-07-14T09:36:18","guid":{"rendered":"https:\/\/www.breesnewworld.nl\/?post_type=product&#038;p=8154"},"modified":"2025-10-10T10:16:04","modified_gmt":"2025-10-10T08:16:04","slug":"esstisch-in-form-einer-waage","status":"publish","type":"product","link":"https:\/\/www.breesnewworld.nl\/de\/sammlung\/eettafels\/esstisch-in-form-einer-waage\/","title":{"rendered":"Libra \u2013 tonnenf\u00f6rmiger Esstisch"},"content":{"rendered":"","protected":false},"excerpt":{"rendered":"The Libra, ein Esstisch mit einzigartigem Design, bei dem Funktionalit\u00e4t und Sch\u00f6nheit perfekt miteinander harmonieren. Dieser gro\u00dfe, ovale Esstisch ruht nur auf einem Bein, ist aber dennoch sehr stark und stabil. Wo immer Sie es platzieren, die Waage zieht Ihre Aufmerksamkeit aufgrund ihres ungew\u00f6hnlichen Designs auf sich. F\u00fcr diejenigen, die denken, dass Sie nur davon essen k\u00f6nnen, nehmen Sie Platz. Aufgrund seines gro\u00dfz\u00fcgigen Charakters und seiner enormen Beinfreiheit eignet sich der Libra-Tisch als idealer \u201eAfter Table\u201c zu Hause, als Schreibtisch oder Konferenztisch. Neben der tonnenf\u00f6rmigen Form ist der Libra-Esstisch auch mit einem erh\u00e4ltlich <a href=\"https:\/\/www.breesnewworld.nl\/de\/sammlung\/eettafels\/waage-rechteckiger-esstisch\/\">rechteckig<\/a> oder <a href=\"https:\/\/www.breesnewworld.nl\/de\/sammlung\/eettafels\/waage-oval-esstisch\/\">Oval<\/a> Tischplatte.","protected":false},"featured_media":8156,"template":"","meta":{"_acf_changed":false},"product_brand":[],"product_cat":[73],"product_tag":[],"class_list":{"0":"post-8154","1":"product","2":"type-product","3":"status-publish","4":"has-post-thumbnail","6":"product_cat-eettafels","8":"first","9":"instock","10":"taxable","11":"shipping-taxable","12":"product-type-simple"},"exclude_global_add_ons":[],"addons":[],"acf":[],"yoast_head":null,"yoast_head_json":null,"_links":{"self":[{"href":"https:\/\/www.breesnewworld.nl\/de\/wp-json\/wp\/v2\/product\/8154","targetHints":{"allow":["GET"]}}],"collection":[{"href":"https:\/\/www.breesnewworld.nl\/de\/wp-json\/wp\/v2\/product"}],"about":[{"href":"https:\/\/www.breesnewworld.nl\/de\/wp-json\/wp\/v2\/types\/product"}],"wp:featuredmedia":[{"embeddable":true,"href":"https:\/\/www.breesnewworld.nl\/de\/wp-json\/wp\/v2\/media\/8156"}],"wp:attachment":[{"href":"https:\/\/www.breesnewworld.nl\/de\/wp-json\/wp\/v2\/media?parent=8154"}],"wp:term":[{"taxonomy":"product_brand","embeddable":true,"href":"https:\/\/www.breesnewworld.nl\/de\/wp-json\/wp\/v2\/product_brand?post=8154"},{"taxonomy":"product_cat","embeddable":true,"href":"https:\/\/www.breesnewworld.nl\/de\/wp-json\/wp\/v2\/product_cat?post=8154"},{"taxonomy":"product_tag","embeddable":true,"href":"https:\/\/www.breesnewworld.nl\/de\/wp-json\/wp\/v2\/product_tag?post=8154"}],"curies":[{"name":"wp","href":"https:\/\/api.w.org\/{rel}","templated":true}]}}