{"id":8157,"date":"2020-07-14T11:39:36","date_gmt":"2020-07-14T09:39:36","guid":{"rendered":"https:\/\/www.breesnewworld.nl\/?post_type=product&#038;p=8157"},"modified":"2025-10-10T10:22:01","modified_gmt":"2025-10-10T08:22:01","slug":"luna-esstisch","status":"publish","type":"product","link":"https:\/\/www.breesnewworld.nl\/de\/sammlung\/eettafels\/luna-esstisch\/","title":{"rendered":"Luna \u2013 Esstisch"},"content":{"rendered":"","protected":false},"excerpt":{"rendered":"Der Luna-Esstisch wurde speziell f\u00fcr den gleichnamigen Esszimmerstuhl entwickelt\u00a0<a href=\"https:\/\/www.breesnewworld.nl\/de\/sammlung\/eetkamer-stoelen\/luna\/\">Luna<\/a>. Das Untergestell dieses Esstisches ist in Edelstahl und f\u00fcnf Epoxidfarben erh\u00e4ltlich. Die Tischplatte ist in verschiedenen modernen Materialien erh\u00e4ltlich, darunter FenixNTM, HPL Plastica und HPL Porfido nero. Der Luna ist auch mit einer Massivholzplatte erh\u00e4ltlich.","protected":false},"featured_media":9283,"template":"","meta":{"_acf_changed":false},"product_brand":[],"product_cat":[73],"product_tag":[],"class_list":{"0":"post-8157","1":"product","2":"type-product","3":"status-publish","4":"has-post-thumbnail","6":"product_cat-eettafels","8":"first","9":"instock","10":"taxable","11":"shipping-taxable","12":"product-type-simple"},"exclude_global_add_ons":[],"addons":[],"acf":[],"yoast_head":null,"yoast_head_json":null,"_links":{"self":[{"href":"https:\/\/www.breesnewworld.nl\/de\/wp-json\/wp\/v2\/product\/8157","targetHints":{"allow":["GET"]}}],"collection":[{"href":"https:\/\/www.breesnewworld.nl\/de\/wp-json\/wp\/v2\/product"}],"about":[{"href":"https:\/\/www.breesnewworld.nl\/de\/wp-json\/wp\/v2\/types\/product"}],"wp:featuredmedia":[{"embeddable":true,"href":"https:\/\/www.breesnewworld.nl\/de\/wp-json\/wp\/v2\/media\/9283"}],"wp:attachment":[{"href":"https:\/\/www.breesnewworld.nl\/de\/wp-json\/wp\/v2\/media?parent=8157"}],"wp:term":[{"taxonomy":"product_brand","embeddable":true,"href":"https:\/\/www.breesnewworld.nl\/de\/wp-json\/wp\/v2\/product_brand?post=8157"},{"taxonomy":"product_cat","embeddable":true,"href":"https:\/\/www.breesnewworld.nl\/de\/wp-json\/wp\/v2\/product_cat?post=8157"},{"taxonomy":"product_tag","embeddable":true,"href":"https:\/\/www.breesnewworld.nl\/de\/wp-json\/wp\/v2\/product_tag?post=8157"}],"curies":[{"name":"wp","href":"https:\/\/api.w.org\/{rel}","templated":true}]}}