{"id":8187,"date":"2020-07-14T12:16:24","date_gmt":"2020-07-14T10:16:24","guid":{"rendered":"https:\/\/www.breesnewworld.nl\/?post_type=product&#038;p=8187"},"modified":"2025-10-10T10:32:34","modified_gmt":"2025-10-10T08:32:34","slug":"form-esstisch","status":"publish","type":"product","link":"https:\/\/www.breesnewworld.nl\/de\/sammlung\/eettafels\/form-esstisch\/","title":{"rendered":"Shape - Esstisch"},"content":{"rendered":"","protected":false},"excerpt":{"rendered":"The Shape, ein minimalistischer, ger\u00e4umiger Designtisch, der neben dem eleganten, modernen Esszimmer auch in den industrielleren Essbereich passt. Das Bein des Esstisches Die Form verzweigt sich wie ein Baum nach oben. Durch einen Guss aus poliertem Aluminium scheint sich das Tischbein automatisch zu spalten, um eine sehr stabile St\u00fctze f\u00fcr die Tischplatte zu bilden. Die Beine dieses Designtisches sind auch komplett aus schwarzem Epoxid erh\u00e4ltlich.","protected":false},"featured_media":8194,"template":"","meta":{"_acf_changed":false},"product_brand":[],"product_cat":[73],"product_tag":[],"class_list":{"0":"post-8187","1":"product","2":"type-product","3":"status-publish","4":"has-post-thumbnail","6":"product_cat-eettafels","8":"first","9":"instock","10":"taxable","11":"shipping-taxable","12":"product-type-simple"},"exclude_global_add_ons":[],"addons":[],"acf":[],"yoast_head":null,"yoast_head_json":null,"_links":{"self":[{"href":"https:\/\/www.breesnewworld.nl\/de\/wp-json\/wp\/v2\/product\/8187","targetHints":{"allow":["GET"]}}],"collection":[{"href":"https:\/\/www.breesnewworld.nl\/de\/wp-json\/wp\/v2\/product"}],"about":[{"href":"https:\/\/www.breesnewworld.nl\/de\/wp-json\/wp\/v2\/types\/product"}],"wp:featuredmedia":[{"embeddable":true,"href":"https:\/\/www.breesnewworld.nl\/de\/wp-json\/wp\/v2\/media\/8194"}],"wp:attachment":[{"href":"https:\/\/www.breesnewworld.nl\/de\/wp-json\/wp\/v2\/media?parent=8187"}],"wp:term":[{"taxonomy":"product_brand","embeddable":true,"href":"https:\/\/www.breesnewworld.nl\/de\/wp-json\/wp\/v2\/product_brand?post=8187"},{"taxonomy":"product_cat","embeddable":true,"href":"https:\/\/www.breesnewworld.nl\/de\/wp-json\/wp\/v2\/product_cat?post=8187"},{"taxonomy":"product_tag","embeddable":true,"href":"https:\/\/www.breesnewworld.nl\/de\/wp-json\/wp\/v2\/product_tag?post=8187"}],"curies":[{"name":"wp","href":"https:\/\/api.w.org\/{rel}","templated":true}]}}