{"id":8200,"date":"2020-07-14T12:22:59","date_gmt":"2020-07-14T10:22:59","guid":{"rendered":"https:\/\/www.breesnewworld.nl\/?post_type=product&#038;p=8200"},"modified":"2025-10-10T10:52:45","modified_gmt":"2025-10-10T08:52:45","slug":"stahlerner-eiformiger-esstisch","status":"publish","type":"product","link":"https:\/\/www.breesnewworld.nl\/de\/sammlung\/eettafels\/stahlerner-eiformiger-esstisch\/","title":{"rendered":"Steely \u2013 Esstisch Bio"},"content":{"rendered":"","protected":false},"excerpt":{"rendered":"Der v\u00f6llig asymmetrisch gestaltete Esszimmertisch Steely ist mit seinen Ma\u00dfen von 145 x 129 cm (Platte) klein, bietet aber dank seiner au\u00dfergew\u00f6hnlichen Form locker Platz f\u00fcr f\u00fcnf Personen. Der Steely ist sehr empfehlenswert f\u00fcr diejenigen, die den Platz in ihrem Essbereich effizient nutzen m\u00f6chten!","protected":false},"featured_media":11098,"template":"","meta":{"_acf_changed":false},"product_brand":[],"product_cat":[73],"product_tag":[],"class_list":{"0":"post-8200","1":"product","2":"type-product","3":"status-publish","4":"has-post-thumbnail","6":"product_cat-eettafels","8":"first","9":"instock","10":"taxable","11":"shipping-taxable","12":"product-type-simple"},"exclude_global_add_ons":[],"addons":[],"acf":[],"yoast_head":null,"yoast_head_json":null,"_links":{"self":[{"href":"https:\/\/www.breesnewworld.nl\/de\/wp-json\/wp\/v2\/product\/8200","targetHints":{"allow":["GET"]}}],"collection":[{"href":"https:\/\/www.breesnewworld.nl\/de\/wp-json\/wp\/v2\/product"}],"about":[{"href":"https:\/\/www.breesnewworld.nl\/de\/wp-json\/wp\/v2\/types\/product"}],"wp:featuredmedia":[{"embeddable":true,"href":"https:\/\/www.breesnewworld.nl\/de\/wp-json\/wp\/v2\/media\/11098"}],"wp:attachment":[{"href":"https:\/\/www.breesnewworld.nl\/de\/wp-json\/wp\/v2\/media?parent=8200"}],"wp:term":[{"taxonomy":"product_brand","embeddable":true,"href":"https:\/\/www.breesnewworld.nl\/de\/wp-json\/wp\/v2\/product_brand?post=8200"},{"taxonomy":"product_cat","embeddable":true,"href":"https:\/\/www.breesnewworld.nl\/de\/wp-json\/wp\/v2\/product_cat?post=8200"},{"taxonomy":"product_tag","embeddable":true,"href":"https:\/\/www.breesnewworld.nl\/de\/wp-json\/wp\/v2\/product_tag?post=8200"}],"curies":[{"name":"wp","href":"https:\/\/api.w.org\/{rel}","templated":true}]}}