{"id":8211,"date":"2020-07-14T13:08:47","date_gmt":"2020-07-14T11:08:47","guid":{"rendered":"https:\/\/www.breesnewworld.nl\/?post_type=product&#038;p=8211"},"modified":"2025-10-10T16:47:07","modified_gmt":"2025-10-10T14:47:07","slug":"twinny-sofatisch","status":"publish","type":"product","link":"https:\/\/www.breesnewworld.nl\/de\/sammlung\/salontafels-en-bijzettafels\/twinny-sofatisch\/","title":{"rendered":"Twinny Sofatisch"},"content":{"rendered":"","protected":false},"excerpt":{"rendered":"Nach den Twinny Couchtischen und Beistelltischen wurde auch der Twinny Sofatisch in die New World Kollektion von Bree aufgenommen. Dieser Leuchttisch mit seiner auf einem Freischwingerrahmen aus Metall \u201eschwebenden\u201c Platte ist ideal f\u00fcr faule Momente auf der Couch. Diesen Sofatisch schiebst du dezent \u00fcber das Sofa, sodass du dich kaum anstrengen musst, um an die T\u00fcte Chips ... oder die Radieschensch\u00fcssel zu kommen. Die Tischplatte des Twinny-Banktisches kann auf zwei Arten am Rahmen montiert werden, mit der Spitze nach vorne oder nach hinten. So magst du ihn am liebsten. Designer: Peter Schreuder Goedheijt.","protected":false},"featured_media":9343,"template":"","meta":{"_acf_changed":false},"product_brand":[],"product_cat":[77,105],"product_tag":[],"class_list":{"0":"post-8211","1":"product","2":"type-product","3":"status-publish","4":"has-post-thumbnail","6":"product_cat-salontafels-en-bijzettafels","7":"product_cat-tafel-bij-bank","9":"first","10":"instock","11":"taxable","12":"shipping-taxable","13":"product-type-simple"},"exclude_global_add_ons":[],"addons":[],"acf":[],"yoast_head":null,"yoast_head_json":null,"_links":{"self":[{"href":"https:\/\/www.breesnewworld.nl\/de\/wp-json\/wp\/v2\/product\/8211","targetHints":{"allow":["GET"]}}],"collection":[{"href":"https:\/\/www.breesnewworld.nl\/de\/wp-json\/wp\/v2\/product"}],"about":[{"href":"https:\/\/www.breesnewworld.nl\/de\/wp-json\/wp\/v2\/types\/product"}],"wp:featuredmedia":[{"embeddable":true,"href":"https:\/\/www.breesnewworld.nl\/de\/wp-json\/wp\/v2\/media\/9343"}],"wp:attachment":[{"href":"https:\/\/www.breesnewworld.nl\/de\/wp-json\/wp\/v2\/media?parent=8211"}],"wp:term":[{"taxonomy":"product_brand","embeddable":true,"href":"https:\/\/www.breesnewworld.nl\/de\/wp-json\/wp\/v2\/product_brand?post=8211"},{"taxonomy":"product_cat","embeddable":true,"href":"https:\/\/www.breesnewworld.nl\/de\/wp-json\/wp\/v2\/product_cat?post=8211"},{"taxonomy":"product_tag","embeddable":true,"href":"https:\/\/www.breesnewworld.nl\/de\/wp-json\/wp\/v2\/product_tag?post=8211"}],"curies":[{"name":"wp","href":"https:\/\/api.w.org\/{rel}","templated":true}]}}