{"id":8214,"date":"2020-07-14T13:11:52","date_gmt":"2020-07-14T11:11:52","guid":{"rendered":"https:\/\/www.breesnewworld.nl\/?post_type=product&#038;p=8214"},"modified":"2025-10-17T16:19:23","modified_gmt":"2025-10-17T14:19:23","slug":"twinny-beistelltische","status":"publish","type":"product","link":"https:\/\/www.breesnewworld.nl\/de\/sammlung\/salontafels-en-bijzettafels\/twinny-beistelltische\/","title":{"rendered":"Twinny \u2013 Ecktische"},"content":{"rendered":"","protected":false},"excerpt":{"rendered":"Das Set Beistelltische Twinny ist ein modernes Set Beistelltische im industriellen Look. Die Tischplatten haben genau die gleiche Gr\u00f6\u00dfe und k\u00f6nnen daher ausgetauscht werden, falls Sie den hohen oder niedrigen Tisch aus diesem Set in der anderen Farbe bevorzugen. Die eif\u00f6rmigen Tischplatten ruhen auf einem subtilen Metallrahmen, der entweder aus Edelstahl oder schwarzem Epoxidharz gefertigt werden kann. Die Twinny Beistelltische werden oft mit dem kombiniert <a href=\"https:\/\/www.breesnewworld.nl\/de\/sammlung\/salontafels-en-bijzettafels\/twinny-hpl-plastica\/\">Kaffeetisch<\/a> Zwillinge. Wo letztere oft vor das Sofa gestellt werden, werden die Beistelltische gerne als Ecktische neben das Sofa oder einen Sessel gestellt. Designer: Peter Schreuder Goedheijt.\r\n\r\n&nbsp;","protected":false},"featured_media":9344,"template":"","meta":{"_acf_changed":false},"product_brand":[],"product_cat":[77,105],"product_tag":[],"class_list":{"0":"post-8214","1":"product","2":"type-product","3":"status-publish","4":"has-post-thumbnail","6":"product_cat-salontafels-en-bijzettafels","7":"product_cat-tafel-bij-bank","9":"first","10":"instock","11":"taxable","12":"shipping-taxable","13":"product-type-simple"},"exclude_global_add_ons":[],"addons":[],"acf":[],"yoast_head":null,"yoast_head_json":null,"_links":{"self":[{"href":"https:\/\/www.breesnewworld.nl\/de\/wp-json\/wp\/v2\/product\/8214","targetHints":{"allow":["GET"]}}],"collection":[{"href":"https:\/\/www.breesnewworld.nl\/de\/wp-json\/wp\/v2\/product"}],"about":[{"href":"https:\/\/www.breesnewworld.nl\/de\/wp-json\/wp\/v2\/types\/product"}],"wp:featuredmedia":[{"embeddable":true,"href":"https:\/\/www.breesnewworld.nl\/de\/wp-json\/wp\/v2\/media\/9344"}],"wp:attachment":[{"href":"https:\/\/www.breesnewworld.nl\/de\/wp-json\/wp\/v2\/media?parent=8214"}],"wp:term":[{"taxonomy":"product_brand","embeddable":true,"href":"https:\/\/www.breesnewworld.nl\/de\/wp-json\/wp\/v2\/product_brand?post=8214"},{"taxonomy":"product_cat","embeddable":true,"href":"https:\/\/www.breesnewworld.nl\/de\/wp-json\/wp\/v2\/product_cat?post=8214"},{"taxonomy":"product_tag","embeddable":true,"href":"https:\/\/www.breesnewworld.nl\/de\/wp-json\/wp\/v2\/product_tag?post=8214"}],"curies":[{"name":"wp","href":"https:\/\/api.w.org\/{rel}","templated":true}]}}