{"id":8241,"date":"2020-07-14T13:29:06","date_gmt":"2020-07-14T11:29:06","guid":{"rendered":"https:\/\/www.breesnewworld.nl\/?post_type=product&#038;p=8241"},"modified":"2025-10-10T16:52:13","modified_gmt":"2025-10-10T14:52:13","slug":"twinny-schreibtisch","status":"publish","type":"product","link":"https:\/\/www.breesnewworld.nl\/de\/sammlung\/salontafels-en-bijzettafels\/twinny-schreibtisch\/","title":{"rendered":"Twinny Desk Schreibtisch"},"content":{"rendered":"","protected":false},"excerpt":{"rendered":"M\u00fcssen Sie regelm\u00e4\u00dfig von zu Hause aus arbeiten? Mit dem Twinny Desk-Tisch k\u00f6nnen Sie ganz einfach einen kompakten Heimarbeitsplatz schaffen, wo immer Sie m\u00f6chten. Ein einteiliger Rahmen, zw\u00f6lf Schrauben, ein Ablagefach und eine Tischplatte und fertig. Dieser moderne Schreibtisch sieht auch s\u00fc\u00df aus und ist leicht zu bewegen und zu zerlegen. Die Tischplatte des Twinny Desk kann auf zwei Arten am Rahmen befestigt werden. Sie ist genau das, was Sie sch\u00f6ner oder praktischer finden. Der leichte, kompakte Esszimmerstuhl <a href=\"https:\/\/www.breesnewworld.nl\/de\/sammlung\/eetkamer-stoelen\/scheibe\/\">Slice<\/a> freut sich sehr, mitmachen zu k\u00f6nnen. Designer: Peter Schreuder Goedheijt.","protected":false},"featured_media":8242,"template":"","meta":{"_acf_changed":false},"product_brand":[],"product_cat":[77,105],"product_tag":[],"class_list":{"0":"post-8241","1":"product","2":"type-product","3":"status-publish","4":"has-post-thumbnail","6":"product_cat-salontafels-en-bijzettafels","7":"product_cat-tafel-bij-bank","9":"first","10":"instock","11":"taxable","12":"shipping-taxable","13":"product-type-simple"},"exclude_global_add_ons":[],"addons":[],"acf":[],"yoast_head":null,"yoast_head_json":null,"_links":{"self":[{"href":"https:\/\/www.breesnewworld.nl\/de\/wp-json\/wp\/v2\/product\/8241","targetHints":{"allow":["GET"]}}],"collection":[{"href":"https:\/\/www.breesnewworld.nl\/de\/wp-json\/wp\/v2\/product"}],"about":[{"href":"https:\/\/www.breesnewworld.nl\/de\/wp-json\/wp\/v2\/types\/product"}],"wp:featuredmedia":[{"embeddable":true,"href":"https:\/\/www.breesnewworld.nl\/de\/wp-json\/wp\/v2\/media\/8242"}],"wp:attachment":[{"href":"https:\/\/www.breesnewworld.nl\/de\/wp-json\/wp\/v2\/media?parent=8241"}],"wp:term":[{"taxonomy":"product_brand","embeddable":true,"href":"https:\/\/www.breesnewworld.nl\/de\/wp-json\/wp\/v2\/product_brand?post=8241"},{"taxonomy":"product_cat","embeddable":true,"href":"https:\/\/www.breesnewworld.nl\/de\/wp-json\/wp\/v2\/product_cat?post=8241"},{"taxonomy":"product_tag","embeddable":true,"href":"https:\/\/www.breesnewworld.nl\/de\/wp-json\/wp\/v2\/product_tag?post=8241"}],"curies":[{"name":"wp","href":"https:\/\/api.w.org\/{rel}","templated":true}]}}