{"id":8245,"date":"2020-07-14T13:31:39","date_gmt":"2020-07-14T11:31:39","guid":{"rendered":"https:\/\/www.breesnewworld.nl\/?post_type=product&#038;p=8245"},"modified":"2025-10-10T16:16:21","modified_gmt":"2025-10-10T14:16:21","slug":"twinny-xl","status":"publish","type":"product","link":"https:\/\/www.breesnewworld.nl\/de\/sammlung\/salontafels-en-bijzettafels\/twinny-xl\/","title":{"rendered":"Twinny XL Couchtisch"},"content":{"rendered":"","protected":false},"excerpt":{"rendered":"Wie der Name schon sagt, ist der Twinny XL der gr\u00f6\u00dfte Couchtisch der Twinny-Familie. Als zus\u00e4tzliche Option kann ein schwarzer Metall-Zeitungsst\u00e4nder unter die l\u00e4ngliche, asymmetrische Oberseite des Twinny XL geh\u00e4ngt werden. Lesen Sie nicht so gern Material? Sie k\u00f6nnen damit auch die Fernbedienung verstecken. \u2060 Als Set l\u00e4sst sich die Twinny XL sehr gut mit der kombinieren <a href=\"https:\/\/www.breesnewworld.nl\/de\/sammlung\/salontafels-en-bijzettafels\/twinny-top-couchtisch\/\">Twinny Top<\/a>, ein etwas h\u00f6herer, kleiner Couchtisch. Designer: Peter Schreuder Goedheijt.","protected":false},"featured_media":8248,"template":"","meta":{"_acf_changed":false},"product_brand":[],"product_cat":[77,105],"product_tag":[],"class_list":{"0":"post-8245","1":"product","2":"type-product","3":"status-publish","4":"has-post-thumbnail","6":"product_cat-salontafels-en-bijzettafels","7":"product_cat-tafel-bij-bank","9":"first","10":"instock","11":"taxable","12":"shipping-taxable","13":"product-type-simple"},"exclude_global_add_ons":[],"addons":[],"acf":[],"yoast_head":null,"yoast_head_json":null,"_links":{"self":[{"href":"https:\/\/www.breesnewworld.nl\/de\/wp-json\/wp\/v2\/product\/8245","targetHints":{"allow":["GET"]}}],"collection":[{"href":"https:\/\/www.breesnewworld.nl\/de\/wp-json\/wp\/v2\/product"}],"about":[{"href":"https:\/\/www.breesnewworld.nl\/de\/wp-json\/wp\/v2\/types\/product"}],"wp:featuredmedia":[{"embeddable":true,"href":"https:\/\/www.breesnewworld.nl\/de\/wp-json\/wp\/v2\/media\/8248"}],"wp:attachment":[{"href":"https:\/\/www.breesnewworld.nl\/de\/wp-json\/wp\/v2\/media?parent=8245"}],"wp:term":[{"taxonomy":"product_brand","embeddable":true,"href":"https:\/\/www.breesnewworld.nl\/de\/wp-json\/wp\/v2\/product_brand?post=8245"},{"taxonomy":"product_cat","embeddable":true,"href":"https:\/\/www.breesnewworld.nl\/de\/wp-json\/wp\/v2\/product_cat?post=8245"},{"taxonomy":"product_tag","embeddable":true,"href":"https:\/\/www.breesnewworld.nl\/de\/wp-json\/wp\/v2\/product_tag?post=8245"}],"curies":[{"name":"wp","href":"https:\/\/api.w.org\/{rel}","templated":true}]}}