{"id":8264,"date":"2020-07-14T13:49:30","date_gmt":"2020-07-14T11:49:30","guid":{"rendered":"https:\/\/www.breesnewworld.nl\/?post_type=product&#038;p=8264"},"modified":"2025-10-03T13:33:31","modified_gmt":"2025-10-03T11:33:31","slug":"gaucho","status":"publish","type":"product","link":"https:\/\/www.breesnewworld.nl\/de\/collectie\/fauteuils\/gaucho\/","title":{"rendered":"Sessel Gaucho D"},"content":{"rendered":"","protected":false},"excerpt":{"rendered":"Der Gaucho D: ein einladender, ger\u00e4umiger Drehstuhl mit traditionellem Aussehen. Die geschmeidige, gro\u00dfz\u00fcgig gepolsterte Polsterung verleiht diesem Sessel einen einladenden Look, der Sie dazu bringt, sich in den Gaucho-Sessel zu setzen. Es gibt auch eine, um den Sitzkomfort und das Entspannungsgef\u00fchl zu vervollst\u00e4ndigen <a href=\"https:\/\/www.breesnewworld.nl\/de\/sammlung\/fauteuils\/gaucho-hocker\/\">hocker<\/a> Erh\u00e4ltlich mit diesem Drehsessel. Als Ledersessel passt der Gaucho D besonders gut in das industrielle Wohnzimmer. Dar\u00fcber hinaus ist es auch in Samtstoff f\u00fcr Liebhaber eines Retro-Interieurs sehr beliebt. Der Gaucho D ist auch auf festen Beinen erh\u00e4ltlich <a href=\"https:\/\/www.breesnewworld.nl\/de\/sammlung\/fauteuils\/gaucho-2\/\">Gaucho<\/a>.","protected":false},"featured_media":8268,"template":"","meta":{"_acf_changed":false},"product_brand":[],"product_cat":[71],"product_tag":[],"class_list":{"0":"post-8264","1":"product","2":"type-product","3":"status-publish","4":"has-post-thumbnail","6":"product_cat-fauteuils","8":"first","9":"instock","10":"taxable","11":"shipping-taxable","12":"product-type-simple"},"exclude_global_add_ons":[],"addons":[],"acf":[],"yoast_head":null,"yoast_head_json":null,"_links":{"self":[{"href":"https:\/\/www.breesnewworld.nl\/de\/wp-json\/wp\/v2\/product\/8264","targetHints":{"allow":["GET"]}}],"collection":[{"href":"https:\/\/www.breesnewworld.nl\/de\/wp-json\/wp\/v2\/product"}],"about":[{"href":"https:\/\/www.breesnewworld.nl\/de\/wp-json\/wp\/v2\/types\/product"}],"wp:featuredmedia":[{"embeddable":true,"href":"https:\/\/www.breesnewworld.nl\/de\/wp-json\/wp\/v2\/media\/8268"}],"wp:attachment":[{"href":"https:\/\/www.breesnewworld.nl\/de\/wp-json\/wp\/v2\/media?parent=8264"}],"wp:term":[{"taxonomy":"product_brand","embeddable":true,"href":"https:\/\/www.breesnewworld.nl\/de\/wp-json\/wp\/v2\/product_brand?post=8264"},{"taxonomy":"product_cat","embeddable":true,"href":"https:\/\/www.breesnewworld.nl\/de\/wp-json\/wp\/v2\/product_cat?post=8264"},{"taxonomy":"product_tag","embeddable":true,"href":"https:\/\/www.breesnewworld.nl\/de\/wp-json\/wp\/v2\/product_tag?post=8264"}],"curies":[{"name":"wp","href":"https:\/\/api.w.org\/{rel}","templated":true}]}}