{"id":8285,"date":"2020-07-14T13:58:59","date_gmt":"2020-07-14T11:58:59","guid":{"rendered":"https:\/\/www.breesnewworld.nl\/?post_type=product&#038;p=8285"},"modified":"2025-10-03T14:02:09","modified_gmt":"2025-10-03T12:02:09","slug":"legendar","status":"publish","type":"product","link":"https:\/\/www.breesnewworld.nl\/de\/sammlung\/fauteuils\/legendar\/","title":{"rendered":"Sessel Legend\u00e4r"},"content":{"rendered":"","protected":false},"excerpt":{"rendered":"Der legend\u00e4re Drehstuhl von Bree&#039;s New World zeichnet sich zun\u00e4chst durch sein organisches Design und seine gro\u00dfz\u00fcgig gepolsterten, einladenden Polster aus. Besonders wenn es in einer kontrastierenden Stoff-Leder-Kombination gepolstert ist, ist es ein Sessel, der einiges an Aufmerksamkeit erfordert. F\u00fcr uns ist das Aussehen des Legend\u00e4ren jedoch nicht das Hauptmerkmal, in dem sich dieser Drehsessel auszeichnet. Unserer Meinung nach ist das wirklich der fantastische Sitzkomfort. In Bree&#039;s New World geben wir absolut nicht gerne an, aber f\u00fcr den Legendary machen wir gerne einmal eine Ausnahme. Nach mehrmaliger Einstellung des Rahmens, der Suche nach dem optimalen Winkel der Schale in Bezug auf die Schwenkbasis und dem h\u00e4ufigen Spielen mit der Dicke des Schaums wurde ein Sitzkomfort erreicht, von dem unser gesamtes Personal schw\u00e4rmte. Ihr unterer und oberer R\u00fccken werden ohne zu gro\u00dfen Druck erhaben gest\u00fctzt und Ihre Arme sind auf den niedrigen Armlehnen wunderbar entspannt. Der Sitzbereich ist ein Gleichgewicht zwischen passiv und aktiv, wodurch dieser Sessel auch in Bezug auf die Aktivit\u00e4t, die Sie ausf\u00fchren m\u00f6chten, multifunktional ist. Egal, ob Sie gerne lesen, spielen, Netflixen, philosophieren, stricken oder Wein trinken, der Legendary wird Sie stundenlang am Laufen halten! Der Name dieses Drehsessels soll nicht arrogant sein, sondern eine Hommage an den Vater des 2019 verstorbenen Regisseurs Leen van Bree, n\u00e4mlich Arij van Bree (daher Legend-Ary), der bis zu seinem Tod am noch aktiv war Alter von 91 Jahren f\u00fcr Bree&#039;s New World. Teilweise aus diesem Grund wurde viel zus\u00e4tzliche Zeit und M\u00fche in die Entwicklung dieses Sessels gesteckt.","protected":false},"featured_media":10687,"template":"","meta":{"_acf_changed":false},"product_brand":[],"product_cat":[71],"product_tag":[],"class_list":{"0":"post-8285","1":"product","2":"type-product","3":"status-publish","4":"has-post-thumbnail","6":"product_cat-fauteuils","8":"first","9":"instock","10":"taxable","11":"shipping-taxable","12":"product-type-simple"},"exclude_global_add_ons":[],"addons":[],"acf":[],"yoast_head":null,"yoast_head_json":null,"_links":{"self":[{"href":"https:\/\/www.breesnewworld.nl\/de\/wp-json\/wp\/v2\/product\/8285","targetHints":{"allow":["GET"]}}],"collection":[{"href":"https:\/\/www.breesnewworld.nl\/de\/wp-json\/wp\/v2\/product"}],"about":[{"href":"https:\/\/www.breesnewworld.nl\/de\/wp-json\/wp\/v2\/types\/product"}],"wp:featuredmedia":[{"embeddable":true,"href":"https:\/\/www.breesnewworld.nl\/de\/wp-json\/wp\/v2\/media\/10687"}],"wp:attachment":[{"href":"https:\/\/www.breesnewworld.nl\/de\/wp-json\/wp\/v2\/media?parent=8285"}],"wp:term":[{"taxonomy":"product_brand","embeddable":true,"href":"https:\/\/www.breesnewworld.nl\/de\/wp-json\/wp\/v2\/product_brand?post=8285"},{"taxonomy":"product_cat","embeddable":true,"href":"https:\/\/www.breesnewworld.nl\/de\/wp-json\/wp\/v2\/product_cat?post=8285"},{"taxonomy":"product_tag","embeddable":true,"href":"https:\/\/www.breesnewworld.nl\/de\/wp-json\/wp\/v2\/product_tag?post=8285"}],"curies":[{"name":"wp","href":"https:\/\/api.w.org\/{rel}","templated":true}]}}