{"id":8291,"date":"2020-07-14T14:02:38","date_gmt":"2020-07-14T12:02:38","guid":{"rendered":"https:\/\/www.breesnewworld.nl\/?post_type=product&#038;p=8291"},"modified":"2025-10-17T16:02:07","modified_gmt":"2025-10-17T14:02:07","slug":"peggy","status":"publish","type":"product","link":"https:\/\/www.breesnewworld.nl\/de\/collectie\/fauteuils\/peggy\/","title":{"rendered":"Sessel Peggy"},"content":{"rendered":"","protected":false},"excerpt":{"rendered":"Die freundlichen, organischen Konturen des Peggy-Drehsessels strahlen Fr\u00f6hlichkeit aus und mit ein wenig Fantasie k\u00f6nnte man sagen, dass der Peggy-Sessel l\u00e4chelt, wenn Sie vor ihr stehen. In Bezug auf den Sitzkomfort l\u00e4sst dieser Sessel dank des organisch geformten Sitzes keine W\u00fcnsche offen. Das Cockpit dreht sich subtil auf einer matt verchromten oder schwarzen Epoxy-Vierzehen-Drehbasis. Die gro\u00dfe Schwester der Peggy hei\u00dft <a href=\"https:\/\/www.breesnewworld.nl\/de\/sammlung\/fauteuils\/rubin\/\">Ruby<\/a>, die High-Version dieses Bio-Drehsessels. Spielst du nicht gern Peggy und Ruby sind auch mit schwarzem Epoxid- oder Edelstahlschlittenrahmen erh\u00e4ltlich <a href=\"https:\/\/www.breesnewworld.nl\/de\/sammlung\/fauteuils\/peggy-rutsche\/\">Peggy Slide<\/a> und <a href=\"https:\/\/www.breesnewworld.nl\/de\/sammlung\/fauteuils\/rubinrote-folie\/\">Ruby Slide<\/a>.","protected":false},"featured_media":8303,"template":"","meta":{"_acf_changed":false},"product_brand":[],"product_cat":[71],"product_tag":[],"class_list":{"0":"post-8291","1":"product","2":"type-product","3":"status-publish","4":"has-post-thumbnail","6":"product_cat-fauteuils","8":"first","9":"instock","10":"taxable","11":"shipping-taxable","12":"product-type-simple"},"exclude_global_add_ons":[],"addons":[],"acf":[],"yoast_head":null,"yoast_head_json":null,"_links":{"self":[{"href":"https:\/\/www.breesnewworld.nl\/de\/wp-json\/wp\/v2\/product\/8291","targetHints":{"allow":["GET"]}}],"collection":[{"href":"https:\/\/www.breesnewworld.nl\/de\/wp-json\/wp\/v2\/product"}],"about":[{"href":"https:\/\/www.breesnewworld.nl\/de\/wp-json\/wp\/v2\/types\/product"}],"wp:featuredmedia":[{"embeddable":true,"href":"https:\/\/www.breesnewworld.nl\/de\/wp-json\/wp\/v2\/media\/8303"}],"wp:attachment":[{"href":"https:\/\/www.breesnewworld.nl\/de\/wp-json\/wp\/v2\/media?parent=8291"}],"wp:term":[{"taxonomy":"product_brand","embeddable":true,"href":"https:\/\/www.breesnewworld.nl\/de\/wp-json\/wp\/v2\/product_brand?post=8291"},{"taxonomy":"product_cat","embeddable":true,"href":"https:\/\/www.breesnewworld.nl\/de\/wp-json\/wp\/v2\/product_cat?post=8291"},{"taxonomy":"product_tag","embeddable":true,"href":"https:\/\/www.breesnewworld.nl\/de\/wp-json\/wp\/v2\/product_tag?post=8291"}],"curies":[{"name":"wp","href":"https:\/\/api.w.org\/{rel}","templated":true}]}}