{"id":8329,"date":"2020-07-14T14:24:15","date_gmt":"2020-07-14T12:24:15","guid":{"rendered":"https:\/\/www.breesnewworld.nl\/?post_type=product&#038;p=8329"},"modified":"2025-10-17T16:01:10","modified_gmt":"2025-10-17T14:01:10","slug":"rubin","status":"publish","type":"product","link":"https:\/\/www.breesnewworld.nl\/de\/collectie\/fauteuils\/ruby\/","title":{"rendered":"Sessel Rubin"},"content":{"rendered":"","protected":false},"excerpt":{"rendered":"Die freundlichen, organischen Konturen des Ruby-Drehsessels strahlen Fr\u00f6hlichkeit aus und mit ein wenig Fantasie k\u00f6nnte man sagen, dass der Ruby-Sessel l\u00e4chelt, wenn Sie vor ihr stehen. In Bezug auf den Sitzkomfort l\u00e4sst dieser Sessel dank des organisch geformten Sitzes keine W\u00fcnsche offen. Das Cockpit dreht sich subtil auf einer matt verchromten oder schwarzen Epoxy-Vierzehen-Drehbasis. Die kleinere Schwester des Ruby-Sessels hei\u00dft <a href=\"https:\/\/www.breesnewworld.nl\/de\/sammlung\/fauteuils\/peggy\/\">Peggy<\/a>. Spielst du nicht gern Der Ruby und der Peggy sind auch mit schwarzem Epoxid- oder Edelstahlschlittenrahmen erh\u00e4ltlich <a href=\"https:\/\/www.breesnewworld.nl\/de\/sammlung\/fauteuils\/rubinrote-folie\/\">Ruby Slide<\/a> und\u00a0 <a href=\"https:\/\/www.breesnewworld.nl\/de\/sammlung\/fauteuils\/peggy-rutsche\/\">Peggy Slide<\/a>.","protected":false},"featured_media":10693,"template":"","meta":{"_acf_changed":false},"product_brand":[],"product_cat":[71],"product_tag":[],"class_list":{"0":"post-8329","1":"product","2":"type-product","3":"status-publish","4":"has-post-thumbnail","6":"product_cat-fauteuils","8":"first","9":"instock","10":"taxable","11":"shipping-taxable","12":"product-type-simple"},"exclude_global_add_ons":[],"addons":[],"acf":[],"yoast_head":null,"yoast_head_json":null,"_links":{"self":[{"href":"https:\/\/www.breesnewworld.nl\/de\/wp-json\/wp\/v2\/product\/8329","targetHints":{"allow":["GET"]}}],"collection":[{"href":"https:\/\/www.breesnewworld.nl\/de\/wp-json\/wp\/v2\/product"}],"about":[{"href":"https:\/\/www.breesnewworld.nl\/de\/wp-json\/wp\/v2\/types\/product"}],"wp:featuredmedia":[{"embeddable":true,"href":"https:\/\/www.breesnewworld.nl\/de\/wp-json\/wp\/v2\/media\/10693"}],"wp:attachment":[{"href":"https:\/\/www.breesnewworld.nl\/de\/wp-json\/wp\/v2\/media?parent=8329"}],"wp:term":[{"taxonomy":"product_brand","embeddable":true,"href":"https:\/\/www.breesnewworld.nl\/de\/wp-json\/wp\/v2\/product_brand?post=8329"},{"taxonomy":"product_cat","embeddable":true,"href":"https:\/\/www.breesnewworld.nl\/de\/wp-json\/wp\/v2\/product_cat?post=8329"},{"taxonomy":"product_tag","embeddable":true,"href":"https:\/\/www.breesnewworld.nl\/de\/wp-json\/wp\/v2\/product_tag?post=8329"}],"curies":[{"name":"wp","href":"https:\/\/api.w.org\/{rel}","templated":true}]}}