{"id":8331,"date":"2020-07-14T14:26:29","date_gmt":"2020-07-14T12:26:29","guid":{"rendered":"https:\/\/www.breesnewworld.nl\/?post_type=product&#038;p=8331"},"modified":"2025-10-03T14:10:44","modified_gmt":"2025-10-03T12:10:44","slug":"rubinrote-folie","status":"publish","type":"product","link":"https:\/\/www.breesnewworld.nl\/de\/collectie\/fauteuils\/ruby-slide\/","title":{"rendered":"Sessel Ruby Slide"},"content":{"rendered":"","protected":false},"excerpt":{"rendered":"Die freundlichen, organischen Konturen des Ruby Slide-Sessels strahlen Fr\u00f6hlichkeit aus und mit ein wenig Fantasie k\u00f6nnte man sagen, dass der Ruby Slide l\u00e4chelt, wenn Sie vor ihr stehen. In Bezug auf den Sitzkomfort l\u00e4sst dieser Sessel dank des organisch geformten Sitzes keine W\u00fcnsche offen. Das Cockpit ruht auf einem subtilen und dennoch sehr stabilen Schlittenrahmen, der aus Edelstahl oder schwarzem Epoxid hergestellt werden kann. Die kleinere Schwester der Ruby Slide hei\u00dft <a href=\"https:\/\/www.breesnewworld.nl\/de\/sammlung\/fauteuils\/peggy-rutsche\/\">Peggy Slide<\/a>, die niedrige Version dieses Bio-Design-Sessels. M\u00f6gen Sie es, einen Sessel einzuschalten? Die Peggy Slide und Ruby Slide sind auch als Drehsessel erh\u00e4ltlich <a href=\"https:\/\/www.breesnewworld.nl\/de\/sammlung\/fauteuils\/rubin\/\">Ruby<\/a> und <a href=\"https:\/\/www.breesnewworld.nl\/de\/sammlung\/fauteuils\/peggy\/\">Peggy<\/a>.","protected":false},"featured_media":8332,"template":"","meta":{"_acf_changed":false},"product_brand":[],"product_cat":[71],"product_tag":[],"class_list":{"0":"post-8331","1":"product","2":"type-product","3":"status-publish","4":"has-post-thumbnail","6":"product_cat-fauteuils","8":"first","9":"instock","10":"taxable","11":"shipping-taxable","12":"product-type-simple"},"exclude_global_add_ons":[],"addons":[],"acf":[],"yoast_head":null,"yoast_head_json":null,"_links":{"self":[{"href":"https:\/\/www.breesnewworld.nl\/de\/wp-json\/wp\/v2\/product\/8331","targetHints":{"allow":["GET"]}}],"collection":[{"href":"https:\/\/www.breesnewworld.nl\/de\/wp-json\/wp\/v2\/product"}],"about":[{"href":"https:\/\/www.breesnewworld.nl\/de\/wp-json\/wp\/v2\/types\/product"}],"wp:featuredmedia":[{"embeddable":true,"href":"https:\/\/www.breesnewworld.nl\/de\/wp-json\/wp\/v2\/media\/8332"}],"wp:attachment":[{"href":"https:\/\/www.breesnewworld.nl\/de\/wp-json\/wp\/v2\/media?parent=8331"}],"wp:term":[{"taxonomy":"product_brand","embeddable":true,"href":"https:\/\/www.breesnewworld.nl\/de\/wp-json\/wp\/v2\/product_brand?post=8331"},{"taxonomy":"product_cat","embeddable":true,"href":"https:\/\/www.breesnewworld.nl\/de\/wp-json\/wp\/v2\/product_cat?post=8331"},{"taxonomy":"product_tag","embeddable":true,"href":"https:\/\/www.breesnewworld.nl\/de\/wp-json\/wp\/v2\/product_tag?post=8331"}],"curies":[{"name":"wp","href":"https:\/\/api.w.org\/{rel}","templated":true}]}}