{"id":8336,"date":"2020-07-14T14:30:18","date_gmt":"2020-07-14T12:30:18","guid":{"rendered":"https:\/\/www.breesnewworld.nl\/?post_type=product&#038;p=8336"},"modified":"2025-11-05T11:35:28","modified_gmt":"2025-11-05T10:35:28","slug":"tulip","status":"publish","type":"product","link":"https:\/\/www.breesnewworld.nl\/de\/sammlung\/fauteuils\/tulip\/","title":{"rendered":"Sessel Tulip"},"content":{"rendered":"","protected":false},"excerpt":{"rendered":"Der Tulip, ein kompakter Design-Sessel mit aktivem Sitz, der seit \u00fcber zwei Jahrzehnten Teil der New World-Kollektion von Bree ist. Ob der Name f\u00fcr diesen Sessel zuerst erfunden wurde und dann das Design oder umgekehrt, wissen wir nicht mehr. Wir k\u00f6nnen mit Sicherheit sagen, dass der Name genau das ausdr\u00fcckt, was das Design zeigt. Die Tulpe, ein sch\u00f6ner holl\u00e4ndischer Stuhl, den Sie zu Recht in die Kategorie &#039;Niederl\u00e4ndisches Design&#039; einordnen k\u00f6nnen.\r\n\r\n&nbsp;","protected":false},"featured_media":8337,"template":"","meta":{"_acf_changed":false},"product_brand":[],"product_cat":[71],"product_tag":[],"class_list":{"0":"post-8336","1":"product","2":"type-product","3":"status-publish","4":"has-post-thumbnail","6":"product_cat-fauteuils","8":"first","9":"instock","10":"taxable","11":"shipping-taxable","12":"product-type-simple"},"exclude_global_add_ons":[],"addons":[],"acf":[],"yoast_head":null,"yoast_head_json":null,"_links":{"self":[{"href":"https:\/\/www.breesnewworld.nl\/de\/wp-json\/wp\/v2\/product\/8336","targetHints":{"allow":["GET"]}}],"collection":[{"href":"https:\/\/www.breesnewworld.nl\/de\/wp-json\/wp\/v2\/product"}],"about":[{"href":"https:\/\/www.breesnewworld.nl\/de\/wp-json\/wp\/v2\/types\/product"}],"wp:featuredmedia":[{"embeddable":true,"href":"https:\/\/www.breesnewworld.nl\/de\/wp-json\/wp\/v2\/media\/8337"}],"wp:attachment":[{"href":"https:\/\/www.breesnewworld.nl\/de\/wp-json\/wp\/v2\/media?parent=8336"}],"wp:term":[{"taxonomy":"product_brand","embeddable":true,"href":"https:\/\/www.breesnewworld.nl\/de\/wp-json\/wp\/v2\/product_brand?post=8336"},{"taxonomy":"product_cat","embeddable":true,"href":"https:\/\/www.breesnewworld.nl\/de\/wp-json\/wp\/v2\/product_cat?post=8336"},{"taxonomy":"product_tag","embeddable":true,"href":"https:\/\/www.breesnewworld.nl\/de\/wp-json\/wp\/v2\/product_tag?post=8336"}],"curies":[{"name":"wp","href":"https:\/\/api.w.org\/{rel}","templated":true}]}}