{"id":8358,"date":"2020-07-14T14:44:07","date_gmt":"2020-07-14T12:44:07","guid":{"rendered":"https:\/\/www.breesnewworld.nl\/?post_type=product&#038;p=8358"},"modified":"2025-10-03T14:43:59","modified_gmt":"2025-10-03T12:43:59","slug":"stoff-neu-machen","status":"publish","type":"product","link":"https:\/\/www.breesnewworld.nl\/de\/collectie\/banken\/remake-stof\/","title":{"rendered":"Sofa Remake \u2013 Stoff"},"content":{"rendered":"","protected":false},"excerpt":{"rendered":"Wie der Name schon sagt, handelt es sich beim Remake um ein echtes Retro-Sofa. R\u00fcckenlehne und Sitzfl\u00e4che eignen sich sehr gut f\u00fcr eine kontrastierende Kombination aus Stoff- und Lederpolsterung, eventuell erg\u00e4nzt durch passende Kissen. Das Remake-Sofa ist als 2,5-Sitzer-Sofa, als 3-Sitzer-Sofa und seit Sommer 2024 auch als 3,5-Sitzer-Sofa erh\u00e4ltlich.\r\n\r\n&nbsp;","protected":false},"featured_media":10843,"template":"","meta":{"_acf_changed":false},"product_brand":[],"product_cat":[63],"product_tag":[],"class_list":{"0":"post-8358","1":"product","2":"type-product","3":"status-publish","4":"has-post-thumbnail","6":"product_cat-banken","8":"first","9":"instock","10":"taxable","11":"shipping-taxable","12":"product-type-simple"},"exclude_global_add_ons":[],"addons":[],"acf":[],"yoast_head":null,"yoast_head_json":null,"_links":{"self":[{"href":"https:\/\/www.breesnewworld.nl\/de\/wp-json\/wp\/v2\/product\/8358","targetHints":{"allow":["GET"]}}],"collection":[{"href":"https:\/\/www.breesnewworld.nl\/de\/wp-json\/wp\/v2\/product"}],"about":[{"href":"https:\/\/www.breesnewworld.nl\/de\/wp-json\/wp\/v2\/types\/product"}],"wp:featuredmedia":[{"embeddable":true,"href":"https:\/\/www.breesnewworld.nl\/de\/wp-json\/wp\/v2\/media\/10843"}],"wp:attachment":[{"href":"https:\/\/www.breesnewworld.nl\/de\/wp-json\/wp\/v2\/media?parent=8358"}],"wp:term":[{"taxonomy":"product_brand","embeddable":true,"href":"https:\/\/www.breesnewworld.nl\/de\/wp-json\/wp\/v2\/product_brand?post=8358"},{"taxonomy":"product_cat","embeddable":true,"href":"https:\/\/www.breesnewworld.nl\/de\/wp-json\/wp\/v2\/product_cat?post=8358"},{"taxonomy":"product_tag","embeddable":true,"href":"https:\/\/www.breesnewworld.nl\/de\/wp-json\/wp\/v2\/product_tag?post=8358"}],"curies":[{"name":"wp","href":"https:\/\/api.w.org\/{rel}","templated":true}]}}