{"id":8369,"date":"2020-07-14T14:48:45","date_gmt":"2020-07-14T12:48:45","guid":{"rendered":"https:\/\/www.breesnewworld.nl\/?post_type=product&#038;p=8369"},"modified":"2025-09-26T17:16:05","modified_gmt":"2025-09-26T15:16:05","slug":"losung-esszimmer-sofa","status":"publish","type":"product","link":"https:\/\/www.breesnewworld.nl\/de\/collectie\/eetkamer-banken\/solution-eetkamerbank\/","title":{"rendered":"Solution - Esszimmerbank"},"content":{"rendered":"","protected":false},"excerpt":{"rendered":"Mit dem robusten Esszimmerbank Solution k\u00f6nnen Sie in alle Richtungen gehen. Dank des modularen Aufbaus dieses Sofas im industriellen Look kann es in vielen L\u00e4ngen geliefert werden. Dar\u00fcber hinaus kann es auch als Ecksofa gestaltet werden. Teilweise aus diesem Grund ist es ein ideales Esszimmersofa, um es an der Wand oder in einer Nische zu platzieren. Dank der separaten R\u00fcckenlehne und des Sitzes ist dieses Sofa ideal f\u00fcr fr\u00f6hliche Kombinationspolster. Es wird noch gem\u00fctlicher, wenn Sie eine Reihe von Esszimmerst\u00fchlen in passende Polster gegen\u00fcber stellen. Schlie\u00dflich ist es auch fantastisch.","protected":false},"featured_media":9306,"template":"","meta":{"_acf_changed":false},"product_brand":[],"product_cat":[78],"product_tag":[],"class_list":{"0":"post-8369","1":"product","2":"type-product","3":"status-publish","4":"has-post-thumbnail","6":"product_cat-eetkamer-banken","8":"first","9":"instock","10":"taxable","11":"shipping-taxable","12":"product-type-simple"},"exclude_global_add_ons":[],"addons":[],"acf":[],"yoast_head":null,"yoast_head_json":null,"_links":{"self":[{"href":"https:\/\/www.breesnewworld.nl\/de\/wp-json\/wp\/v2\/product\/8369","targetHints":{"allow":["GET"]}}],"collection":[{"href":"https:\/\/www.breesnewworld.nl\/de\/wp-json\/wp\/v2\/product"}],"about":[{"href":"https:\/\/www.breesnewworld.nl\/de\/wp-json\/wp\/v2\/types\/product"}],"wp:featuredmedia":[{"embeddable":true,"href":"https:\/\/www.breesnewworld.nl\/de\/wp-json\/wp\/v2\/media\/9306"}],"wp:attachment":[{"href":"https:\/\/www.breesnewworld.nl\/de\/wp-json\/wp\/v2\/media?parent=8369"}],"wp:term":[{"taxonomy":"product_brand","embeddable":true,"href":"https:\/\/www.breesnewworld.nl\/de\/wp-json\/wp\/v2\/product_brand?post=8369"},{"taxonomy":"product_cat","embeddable":true,"href":"https:\/\/www.breesnewworld.nl\/de\/wp-json\/wp\/v2\/product_cat?post=8369"},{"taxonomy":"product_tag","embeddable":true,"href":"https:\/\/www.breesnewworld.nl\/de\/wp-json\/wp\/v2\/product_tag?post=8369"}],"curies":[{"name":"wp","href":"https:\/\/api.w.org\/{rel}","templated":true}]}}