{"id":9353,"date":"2021-02-03T16:41:14","date_gmt":"2021-02-03T15:41:14","guid":{"rendered":"https:\/\/www.breesnewworld.nl\/?post_type=product&#038;p=9353"},"modified":"2025-10-10T17:01:05","modified_gmt":"2025-10-10T15:01:05","slug":"twinny-beistelltisch","status":"publish","type":"product","link":"https:\/\/www.breesnewworld.nl\/de\/sammlung\/salontafels-en-bijzettafels\/twinny-beistelltisch\/","title":{"rendered":"Twinny Beistelltisch"},"content":{"rendered":"","protected":false},"excerpt":{"rendered":"Das neueste Mitglied der \u201eTwinny-Familie\u201c ist der Twinny-Beistelltisch, ein verspielter Tisch, der sich hervorragend dazu eignet, einen \u201eleeren Raum\u201c an der Wand im Flur oder Wohnzimmer zu f\u00fcllen. An sich ist der Twinny-Beistelltisch unserer Meinung nach aufgrund seines ungew\u00f6hnlichen, modernen Designs ein dekoratives Objekt, Sie k\u00f6nnen ihn aber auch mit einem sch\u00f6nen Pflanzen- oder Fotorahmen erg\u00e4nzen. Die Tischplatte des Twinny Beistelltisches kann aus verschiedenen, modernen Materialien gefertigt werden, mit denen Sie diesem niedlichen Konsolentisch Ihre eigene Note verleihen k\u00f6nnen.\r\n\r\n&nbsp;","protected":false},"featured_media":9351,"template":"","meta":{"_acf_changed":false},"product_brand":[],"product_cat":[77,105],"product_tag":[],"class_list":{"0":"post-9353","1":"product","2":"type-product","3":"status-publish","4":"has-post-thumbnail","6":"product_cat-salontafels-en-bijzettafels","7":"product_cat-tafel-bij-bank","9":"first","10":"instock","11":"taxable","12":"shipping-taxable","13":"product-type-simple"},"exclude_global_add_ons":[],"addons":[],"acf":[],"yoast_head":null,"yoast_head_json":null,"_links":{"self":[{"href":"https:\/\/www.breesnewworld.nl\/de\/wp-json\/wp\/v2\/product\/9353","targetHints":{"allow":["GET"]}}],"collection":[{"href":"https:\/\/www.breesnewworld.nl\/de\/wp-json\/wp\/v2\/product"}],"about":[{"href":"https:\/\/www.breesnewworld.nl\/de\/wp-json\/wp\/v2\/types\/product"}],"wp:featuredmedia":[{"embeddable":true,"href":"https:\/\/www.breesnewworld.nl\/de\/wp-json\/wp\/v2\/media\/9351"}],"wp:attachment":[{"href":"https:\/\/www.breesnewworld.nl\/de\/wp-json\/wp\/v2\/media?parent=9353"}],"wp:term":[{"taxonomy":"product_brand","embeddable":true,"href":"https:\/\/www.breesnewworld.nl\/de\/wp-json\/wp\/v2\/product_brand?post=9353"},{"taxonomy":"product_cat","embeddable":true,"href":"https:\/\/www.breesnewworld.nl\/de\/wp-json\/wp\/v2\/product_cat?post=9353"},{"taxonomy":"product_tag","embeddable":true,"href":"https:\/\/www.breesnewworld.nl\/de\/wp-json\/wp\/v2\/product_tag?post=9353"}],"curies":[{"name":"wp","href":"https:\/\/api.w.org\/{rel}","templated":true}]}}