{"id":9670,"date":"2021-09-02T10:49:42","date_gmt":"2021-09-02T08:49:42","guid":{"rendered":"https:\/\/www.breesnewworld.nl\/?post_type=product&#038;p=9670"},"modified":"2025-10-03T11:42:30","modified_gmt":"2025-10-03T09:42:30","slug":"aceiif-barhocker-hoch","status":"publish","type":"product","link":"https:\/\/www.breesnewworld.nl\/de\/sammlung\/barkrukken\/aceiif-barhocker-hoch\/","title":{"rendered":"Ace II-F Barhocker \u2013 hoch"},"content":{"rendered":"","protected":false},"excerpt":{"rendered":"Der Barhocker Ace II-F ist ein moderner Barhocker mit eleganter, dezenter Optik. Das minimalistische Kufengestell h\u00e4lt diesen Barstuhl sch\u00f6n luftig, ist aber dennoch sehr stabil. Mit einem schwarzen Gestell und einer Sitzfl\u00e4che aus robustem, abgenutztem Leder sieht dieser Barhocker sehr gut aus, wenn Sie dem Interieur Ihres Pubs oder Wohnzimmers einen warmen, industriellen Look verleihen m\u00f6chten. Wie alle Barhocker von Bree&#039;s New World ist auch der Ace II-F in zwei H\u00f6hen erh\u00e4ltlich, um unterschiedliche Einsatzm\u00f6glichkeiten zu bieten. Dieser Barhocker kann in der K\u00fcche an einer Kochinsel, aber auch an einem Stehtisch oder einer Bar verwendet werden. Der Rahmen ist in Edelstahl oder schwarzem Epoxidharz erh\u00e4ltlich. Zus\u00e4tzlich zu diesem hohen Barhocker gibt es auch den <a href=\"https:\/\/www.breesnewworld.nl\/de\/sammlung\/barkrukken\/ace-ii-f-barhocker-niedrig\/\">niedriges Ass II-F<\/a> Barhocker, sowie die <a href=\"https:\/\/www.breesnewworld.nl\/de\/sammlung\/eetkamerstoelen\/esszimmerstuhl-ace-ii-f\/\">Essensstuhl<\/a> Ass II-F.","protected":false},"featured_media":9672,"template":"","meta":{"_acf_changed":false},"product_brand":[],"product_cat":[79],"product_tag":[],"class_list":{"0":"post-9670","1":"product","2":"type-product","3":"status-publish","4":"has-post-thumbnail","6":"product_cat-barkrukken","8":"first","9":"instock","10":"taxable","11":"shipping-taxable","12":"product-type-simple"},"exclude_global_add_ons":[],"addons":[],"acf":[],"yoast_head":null,"yoast_head_json":null,"_links":{"self":[{"href":"https:\/\/www.breesnewworld.nl\/de\/wp-json\/wp\/v2\/product\/9670","targetHints":{"allow":["GET"]}}],"collection":[{"href":"https:\/\/www.breesnewworld.nl\/de\/wp-json\/wp\/v2\/product"}],"about":[{"href":"https:\/\/www.breesnewworld.nl\/de\/wp-json\/wp\/v2\/types\/product"}],"wp:featuredmedia":[{"embeddable":true,"href":"https:\/\/www.breesnewworld.nl\/de\/wp-json\/wp\/v2\/media\/9672"}],"wp:attachment":[{"href":"https:\/\/www.breesnewworld.nl\/de\/wp-json\/wp\/v2\/media?parent=9670"}],"wp:term":[{"taxonomy":"product_brand","embeddable":true,"href":"https:\/\/www.breesnewworld.nl\/de\/wp-json\/wp\/v2\/product_brand?post=9670"},{"taxonomy":"product_cat","embeddable":true,"href":"https:\/\/www.breesnewworld.nl\/de\/wp-json\/wp\/v2\/product_cat?post=9670"},{"taxonomy":"product_tag","embeddable":true,"href":"https:\/\/www.breesnewworld.nl\/de\/wp-json\/wp\/v2\/product_tag?post=9670"}],"curies":[{"name":"wp","href":"https:\/\/api.w.org\/{rel}","templated":true}]}}