{"id":9775,"date":"2021-11-17T11:02:14","date_gmt":"2021-11-17T10:02:14","guid":{"rendered":"https:\/\/www.breesnewworld.nl\/?post_type=product&#038;p=9775"},"modified":"2025-10-10T13:34:19","modified_gmt":"2025-10-10T11:34:19","slug":"wolkige-couchtische-massivholz","status":"publish","type":"product","link":"https:\/\/www.breesnewworld.nl\/de\/sammlung\/salontafels-en-bijzettafels\/wolkige-couchtische-massivholz\/","title":{"rendered":"Wolkige Couchtische \u2013 Massivholz"},"content":{"rendered":"","protected":false},"excerpt":{"rendered":"Das Cloudy Couchtisch-Set ist eine spielerische Erg\u00e4nzung der breiten Palette an Bio-Modellen in der New World-Kollektion von Bree. Wenn Sie in Bezug auf die Innenausstattung nicht zu einfach sind oder ab und zu ein bisschen schwebend sind, dann sind diese \u201eWolken\u201c von Couchtischen m\u00f6glicherweise genau das, wonach Sie suchen. Cloudys Tischplatten sind in verschiedenen Materialien erh\u00e4ltlich, die auch miteinander kombiniert werden k\u00f6nnen. Wie w\u00e4re es zum Beispiel mit der Kombination von Walnussfurnier mit schwarzem FenixNTM oder HPL Plastica Bronze mit HPL Porfido Nero? Die schlanken Beine des Cloudy&#039;s sind in Edelstahl oder schwarzem Epoxid erh\u00e4ltlich. Ist ein Couchtisch genug? Die Cloudy&#039;s sind auch als separater Couchtisch erh\u00e4ltlich.","protected":false},"featured_media":9770,"template":"","meta":{"_acf_changed":false},"product_brand":[],"product_cat":[77,105],"product_tag":[],"class_list":{"0":"post-9775","1":"product","2":"type-product","3":"status-publish","4":"has-post-thumbnail","6":"product_cat-salontafels-en-bijzettafels","7":"product_cat-tafel-bij-bank","9":"first","10":"instock","11":"taxable","12":"shipping-taxable","13":"product-type-simple"},"exclude_global_add_ons":[],"addons":[],"acf":[],"yoast_head":null,"yoast_head_json":null,"_links":{"self":[{"href":"https:\/\/www.breesnewworld.nl\/de\/wp-json\/wp\/v2\/product\/9775","targetHints":{"allow":["GET"]}}],"collection":[{"href":"https:\/\/www.breesnewworld.nl\/de\/wp-json\/wp\/v2\/product"}],"about":[{"href":"https:\/\/www.breesnewworld.nl\/de\/wp-json\/wp\/v2\/types\/product"}],"wp:featuredmedia":[{"embeddable":true,"href":"https:\/\/www.breesnewworld.nl\/de\/wp-json\/wp\/v2\/media\/9770"}],"wp:attachment":[{"href":"https:\/\/www.breesnewworld.nl\/de\/wp-json\/wp\/v2\/media?parent=9775"}],"wp:term":[{"taxonomy":"product_brand","embeddable":true,"href":"https:\/\/www.breesnewworld.nl\/de\/wp-json\/wp\/v2\/product_brand?post=9775"},{"taxonomy":"product_cat","embeddable":true,"href":"https:\/\/www.breesnewworld.nl\/de\/wp-json\/wp\/v2\/product_cat?post=9775"},{"taxonomy":"product_tag","embeddable":true,"href":"https:\/\/www.breesnewworld.nl\/de\/wp-json\/wp\/v2\/product_tag?post=9775"}],"curies":[{"name":"wp","href":"https:\/\/api.w.org\/{rel}","templated":true}]}}