{"id":9831,"date":"2021-12-06T14:23:27","date_gmt":"2021-12-06T13:23:27","guid":{"rendered":"https:\/\/www.breesnewworld.nl\/?post_type=product&#038;p=9831"},"modified":"2025-10-03T11:39:20","modified_gmt":"2025-10-03T09:39:20","slug":"ultimo-esszimmersofa","status":"publish","type":"product","link":"https:\/\/www.breesnewworld.nl\/de\/collectie\/eetkamer-banken\/ultimo-eetkamerbank\/","title":{"rendered":"Ultimo \u2013 Esszimmersofa"},"content":{"rendered":"","protected":false},"excerpt":{"rendered":"Wenn Sie ein modernes Esszimmer mit Sofa und St\u00fchlen suchen, in dem Sie lange gem\u00fctlich speisen k\u00f6nnen und dessen Esszimmersofa und -st\u00fchle dennoch luftig-minimalistisch wirken, schauen Sie sich unser Ultimo Esszimmersofa und Esszimmerst\u00fchle an . Der Ultimo ist in vielen Breiten erh\u00e4ltlich und kann daher auch mit unterschiedlichen Esstischl\u00e4ngen kombiniert werden. Gegen die Wand; in einer Nische; nur im freien Raum; Dieses schicke Esszimmersofa kann \u00fcberall im Essbereich platziert werden. Die gleichnamigen Esszimmerst\u00fchle <a href=\"https:\/\/www.breesnewworld.nl\/de\/sammlung\/eetkamerstoelen\/esszimmer-stuhlende\/\">ultimo<\/a> und <a href=\"https:\/\/www.breesnewworld.nl\/de\/sammlung\/eetkamerstoelen\/esszimmerstuhl-ultimo-arm\/\">Ende des Armes<\/a> l\u00e4sst sich perfekt damit kombinieren.","protected":false},"featured_media":9832,"template":"","meta":{"_acf_changed":false},"product_brand":[],"product_cat":[78],"product_tag":[],"class_list":{"0":"post-9831","1":"product","2":"type-product","3":"status-publish","4":"has-post-thumbnail","6":"product_cat-eetkamer-banken","8":"first","9":"instock","10":"taxable","11":"shipping-taxable","12":"product-type-simple"},"exclude_global_add_ons":[],"addons":[],"acf":[],"yoast_head":null,"yoast_head_json":null,"_links":{"self":[{"href":"https:\/\/www.breesnewworld.nl\/de\/wp-json\/wp\/v2\/product\/9831","targetHints":{"allow":["GET"]}}],"collection":[{"href":"https:\/\/www.breesnewworld.nl\/de\/wp-json\/wp\/v2\/product"}],"about":[{"href":"https:\/\/www.breesnewworld.nl\/de\/wp-json\/wp\/v2\/types\/product"}],"wp:featuredmedia":[{"embeddable":true,"href":"https:\/\/www.breesnewworld.nl\/de\/wp-json\/wp\/v2\/media\/9832"}],"wp:attachment":[{"href":"https:\/\/www.breesnewworld.nl\/de\/wp-json\/wp\/v2\/media?parent=9831"}],"wp:term":[{"taxonomy":"product_brand","embeddable":true,"href":"https:\/\/www.breesnewworld.nl\/de\/wp-json\/wp\/v2\/product_brand?post=9831"},{"taxonomy":"product_cat","embeddable":true,"href":"https:\/\/www.breesnewworld.nl\/de\/wp-json\/wp\/v2\/product_cat?post=9831"},{"taxonomy":"product_tag","embeddable":true,"href":"https:\/\/www.breesnewworld.nl\/de\/wp-json\/wp\/v2\/product_tag?post=9831"}],"curies":[{"name":"wp","href":"https:\/\/api.w.org\/{rel}","templated":true}]}}