{"id":9849,"date":"2021-12-06T15:31:33","date_gmt":"2021-12-06T14:31:33","guid":{"rendered":"https:\/\/www.breesnewworld.nl\/?post_type=product&#038;p=9849"},"modified":"2025-10-03T11:35:06","modified_gmt":"2025-10-03T09:35:06","slug":"esszimmer-stuhlende","status":"publish","type":"product","link":"https:\/\/www.breesnewworld.nl\/de\/sammlung\/eetkamerstoelen\/esszimmer-stuhlende\/","title":{"rendered":"Esszimmerstuhl Ultimo"},"content":{"rendered":"","protected":false},"excerpt":{"rendered":"Wenn Sie ein modernes Esszimmer mit Sofa und St\u00fchlen suchen, in dem Sie lange gem\u00fctlich speisen k\u00f6nnen und dessen Esszimmer-Sofa und -St\u00fchle dennoch einen luftigen, minimalistischen Look haben, schauen Sie sich unsere Ultimo Esszimmerst\u00fchle an und <a href=\"https:\/\/www.breesnewworld.nl\/de\/sammlung\/eetkamer-banken\/ultimo-esszimmersofa\/\">Esszimmerbank<\/a>. Mit einem Ultimo Esszimmerset entscheiden Sie sich f\u00fcr ein schickes Esszimmer mit luxuri\u00f6ser Ausstrahlung. Der Esszimmerstuhl Ultimo ist auch mit Armlehnen als <a href=\"https:\/\/www.breesnewworld.nl\/de\/sammlung\/eetkamerstoelen\/esszimmerstuhl-ultimo-arm\/\">Ende des Armes<\/a>.","protected":false},"featured_media":9845,"template":"","meta":{"_acf_changed":false},"product_brand":[],"product_cat":[64],"product_tag":[],"class_list":{"0":"post-9849","1":"product","2":"type-product","3":"status-publish","4":"has-post-thumbnail","6":"product_cat-eetkamerstoelen","8":"first","9":"instock","10":"taxable","11":"shipping-taxable","12":"product-type-simple"},"exclude_global_add_ons":[],"addons":[],"acf":[],"yoast_head":null,"yoast_head_json":null,"_links":{"self":[{"href":"https:\/\/www.breesnewworld.nl\/de\/wp-json\/wp\/v2\/product\/9849","targetHints":{"allow":["GET"]}}],"collection":[{"href":"https:\/\/www.breesnewworld.nl\/de\/wp-json\/wp\/v2\/product"}],"about":[{"href":"https:\/\/www.breesnewworld.nl\/de\/wp-json\/wp\/v2\/types\/product"}],"wp:featuredmedia":[{"embeddable":true,"href":"https:\/\/www.breesnewworld.nl\/de\/wp-json\/wp\/v2\/media\/9845"}],"wp:attachment":[{"href":"https:\/\/www.breesnewworld.nl\/de\/wp-json\/wp\/v2\/media?parent=9849"}],"wp:term":[{"taxonomy":"product_brand","embeddable":true,"href":"https:\/\/www.breesnewworld.nl\/de\/wp-json\/wp\/v2\/product_brand?post=9849"},{"taxonomy":"product_cat","embeddable":true,"href":"https:\/\/www.breesnewworld.nl\/de\/wp-json\/wp\/v2\/product_cat?post=9849"},{"taxonomy":"product_tag","embeddable":true,"href":"https:\/\/www.breesnewworld.nl\/de\/wp-json\/wp\/v2\/product_tag?post=9849"}],"curies":[{"name":"wp","href":"https:\/\/api.w.org\/{rel}","templated":true}]}}