{"id":9851,"date":"2021-12-06T16:24:12","date_gmt":"2021-12-06T15:24:12","guid":{"rendered":"https:\/\/www.breesnewworld.nl\/?post_type=product&#038;p=9851"},"modified":"2025-09-25T22:01:17","modified_gmt":"2025-09-25T20:01:17","slug":"esszimmer-stuhl-kiq-arm-schlitten","status":"publish","type":"product","link":"https:\/\/www.breesnewworld.nl\/de\/sammlung\/eetkamerstoelen\/esszimmer-stuhl-kiq-arm-schlitten\/","title":{"rendered":"Esszimmerstuhl Kiq Arm \u2013 Schlitten"},"content":{"rendered":"","protected":false},"excerpt":{"rendered":"Das Geheimnis des (drehbaren) Esszimmerstuhls Kiq liegt im Inneren. Eine wohlproportionierte Sitzschale aus laminiertem Buchenholz sorgt f\u00fcr hohen Sitzkomfort, ohne dass dicke Schaumstoffschichten erforderlich sind. Dadurch wirkt der Stuhl sch\u00f6n schlank. Das schlanke Kufengestell dieses schicken Esszimmerstuhls l\u00e4sst die Sitzschale schweben und verleiht dem Kiq ein luftiges Aussehen. Neben seinem luftigen und modernen Aussehen hat dieser moderne Esszimmerstuhl nat\u00fcrlich auch einen sch\u00f6nen, \u201eschnellen\u201c Namen. Die Sitzschale des Esszimmerstuhls Kiq ist mit Stoff oder Leder erh\u00e4ltlich, ist aber besonders beliebt in einer Stoff-Leder-Kombination. Die Kufenversion ist auch ohne Armlehnen erh\u00e4ltlich, wenn der <a href=\"https:\/\/www.breesnewworld.nl\/de\/sammlung\/eetkamerstoelen\/esszimmerstuhl-kiq-schlitten\/\">Kiq-Schlitten<\/a>. Dar\u00fcber hinaus ist dieser Schalensitz auch auf einem <a href=\"https:\/\/www.breesnewworld.nl\/de\/sammlung\/eetkamerstoelen\/kiq-arm\/\">Drehrahmen<\/a> erh\u00e4ltlich, auch mit und ohne Armlehnen.","protected":false},"featured_media":9841,"template":"","meta":{"_acf_changed":false},"product_brand":[],"product_cat":[64],"product_tag":[],"class_list":{"0":"post-9851","1":"product","2":"type-product","3":"status-publish","4":"has-post-thumbnail","6":"product_cat-eetkamerstoelen","8":"first","9":"instock","10":"taxable","11":"shipping-taxable","12":"product-type-simple"},"exclude_global_add_ons":[],"addons":[],"acf":[],"yoast_head":null,"yoast_head_json":null,"_links":{"self":[{"href":"https:\/\/www.breesnewworld.nl\/de\/wp-json\/wp\/v2\/product\/9851","targetHints":{"allow":["GET"]}}],"collection":[{"href":"https:\/\/www.breesnewworld.nl\/de\/wp-json\/wp\/v2\/product"}],"about":[{"href":"https:\/\/www.breesnewworld.nl\/de\/wp-json\/wp\/v2\/types\/product"}],"wp:featuredmedia":[{"embeddable":true,"href":"https:\/\/www.breesnewworld.nl\/de\/wp-json\/wp\/v2\/media\/9841"}],"wp:attachment":[{"href":"https:\/\/www.breesnewworld.nl\/de\/wp-json\/wp\/v2\/media?parent=9851"}],"wp:term":[{"taxonomy":"product_brand","embeddable":true,"href":"https:\/\/www.breesnewworld.nl\/de\/wp-json\/wp\/v2\/product_brand?post=9851"},{"taxonomy":"product_cat","embeddable":true,"href":"https:\/\/www.breesnewworld.nl\/de\/wp-json\/wp\/v2\/product_cat?post=9851"},{"taxonomy":"product_tag","embeddable":true,"href":"https:\/\/www.breesnewworld.nl\/de\/wp-json\/wp\/v2\/product_tag?post=9851"}],"curies":[{"name":"wp","href":"https:\/\/api.w.org\/{rel}","templated":true}]}}