{"id":9852,"date":"2021-12-06T16:50:43","date_gmt":"2021-12-06T15:50:43","guid":{"rendered":"https:\/\/www.breesnewworld.nl\/?post_type=product&#038;p=9852"},"modified":"2025-09-25T21:59:56","modified_gmt":"2025-09-25T19:59:56","slug":"esszimmerstuhl-kiq-schlitten","status":"publish","type":"product","link":"https:\/\/www.breesnewworld.nl\/de\/sammlung\/eetkamerstoelen\/esszimmerstuhl-kiq-schlitten\/","title":{"rendered":"Esszimmerstuhl Kiq \u2013 Schlitten"},"content":{"rendered":"","protected":false},"excerpt":{"rendered":"Das Geheimnis des (drehbaren) Esszimmerstuhls Kiq liegt im Inneren. Eine wohlproportionierte Sitzschale aus laminiertem Buchenholz sorgt f\u00fcr hohen Sitzkomfort, ohne dass dicke Schaumstoffschichten erforderlich sind. Dadurch wirkt der Stuhl sch\u00f6n schlank. Das schlanke Kufengestell dieses schicken Esszimmerstuhls l\u00e4sst die Sitzschale schweben und verleiht dem Kiq ein luftiges Aussehen. Neben seinem luftigen und modernen Aussehen hat dieser moderne Esszimmerstuhl nat\u00fcrlich auch einen sch\u00f6nen, \u201eschnellen\u201c Namen. Die Sitzschale des Esszimmerstuhls Kiq kann mit Stoff oder Leder bezogen werden, ist aber besonders beliebt in einer Stoff-Leder-Kombination. Die Kufenversion ist auch mit Armlehnen erh\u00e4ltlich, wenn der <a href=\"https:\/\/www.breesnewworld.nl\/de\/sammlung\/eetkamerstoelen\/esszimmer-stuhl-kiq-arm-schlitten\/\">Kiq-Armschlitten<\/a>. Dar\u00fcber hinaus ist dieser Schalensitz auch auf einem <a href=\"https:\/\/www.breesnewworld.nl\/de\/sammlung\/eetkamerstoelen\/kiq\/\">Drehrahmen<\/a> erh\u00e4ltlich, auch mit oder ohne Armlehnen.","protected":false},"featured_media":9836,"template":"","meta":{"_acf_changed":false},"product_brand":[],"product_cat":[64],"product_tag":[],"class_list":{"0":"post-9852","1":"product","2":"type-product","3":"status-publish","4":"has-post-thumbnail","6":"product_cat-eetkamerstoelen","8":"first","9":"instock","10":"taxable","11":"shipping-taxable","12":"product-type-simple"},"exclude_global_add_ons":[],"addons":[],"acf":[],"yoast_head":null,"yoast_head_json":null,"_links":{"self":[{"href":"https:\/\/www.breesnewworld.nl\/de\/wp-json\/wp\/v2\/product\/9852","targetHints":{"allow":["GET"]}}],"collection":[{"href":"https:\/\/www.breesnewworld.nl\/de\/wp-json\/wp\/v2\/product"}],"about":[{"href":"https:\/\/www.breesnewworld.nl\/de\/wp-json\/wp\/v2\/types\/product"}],"wp:featuredmedia":[{"embeddable":true,"href":"https:\/\/www.breesnewworld.nl\/de\/wp-json\/wp\/v2\/media\/9836"}],"wp:attachment":[{"href":"https:\/\/www.breesnewworld.nl\/de\/wp-json\/wp\/v2\/media?parent=9852"}],"wp:term":[{"taxonomy":"product_brand","embeddable":true,"href":"https:\/\/www.breesnewworld.nl\/de\/wp-json\/wp\/v2\/product_brand?post=9852"},{"taxonomy":"product_cat","embeddable":true,"href":"https:\/\/www.breesnewworld.nl\/de\/wp-json\/wp\/v2\/product_cat?post=9852"},{"taxonomy":"product_tag","embeddable":true,"href":"https:\/\/www.breesnewworld.nl\/de\/wp-json\/wp\/v2\/product_tag?post=9852"}],"curies":[{"name":"wp","href":"https:\/\/api.w.org\/{rel}","templated":true}]}}