{"id":9896,"date":"2021-12-09T09:14:59","date_gmt":"2021-12-09T08:14:59","guid":{"rendered":"https:\/\/www.breesnewworld.nl\/?post_type=product&#038;p=9896"},"modified":"2025-10-10T11:37:24","modified_gmt":"2025-10-10T09:37:24","slug":"twinny-ess-esstisch","status":"publish","type":"product","link":"https:\/\/www.breesnewworld.nl\/de\/sammlung\/eettafels\/twinny-ess-esstisch\/","title":{"rendered":"Twinny Dining \u2013 Esstisch"},"content":{"rendered":"","protected":false},"excerpt":{"rendered":"Nach dem Erfolg der Twinny-Couchtische und Beistelltische erreichten uns immer mehr Anfragen nach einem Twinny-Esstisch. Mit der Einf\u00fchrung des Esstisches Twinny Dining ist dieser Wunsch in Erf\u00fcllung gegangen und die Twinny-Familie ist nun wirklich komplett... obwohl wer wei\u00df, Designer Peter Schreuder wird sich in Zukunft noch weitere Twinny-Varianten einfallen lassen. Der Twinny Dining Esstisch ist mehr oder weniger die gr\u00f6\u00dfere Version des Twinny XL Couchtischs und in den gleichen Materialien wie die Couchtische und Beistelltische erh\u00e4ltlich. Die organische Tischplatte wird von drei luftigen, schwarzen Metallbeinen getragen, die wahlweise mit HPL oder FenixNTM eingelegt werden k\u00f6nnen. Auch die Standardbeine des Esstisches <a href=\"https:\/\/www.breesnewworld.nl\/de\/sammlung\/eettafels\/cloudy-eettafel\/\">wolkig<\/a> gilt auch unter dem Twinny Dining.\r\n\r\n&nbsp;","protected":false},"featured_media":10392,"template":"","meta":{"_acf_changed":false},"product_brand":[],"product_cat":[73],"product_tag":[],"class_list":{"0":"post-9896","1":"product","2":"type-product","3":"status-publish","4":"has-post-thumbnail","6":"product_cat-eettafels","8":"first","9":"instock","10":"taxable","11":"shipping-taxable","12":"product-type-simple"},"exclude_global_add_ons":[],"addons":[],"acf":[],"yoast_head":null,"yoast_head_json":null,"_links":{"self":[{"href":"https:\/\/www.breesnewworld.nl\/de\/wp-json\/wp\/v2\/product\/9896","targetHints":{"allow":["GET"]}}],"collection":[{"href":"https:\/\/www.breesnewworld.nl\/de\/wp-json\/wp\/v2\/product"}],"about":[{"href":"https:\/\/www.breesnewworld.nl\/de\/wp-json\/wp\/v2\/types\/product"}],"wp:featuredmedia":[{"embeddable":true,"href":"https:\/\/www.breesnewworld.nl\/de\/wp-json\/wp\/v2\/media\/10392"}],"wp:attachment":[{"href":"https:\/\/www.breesnewworld.nl\/de\/wp-json\/wp\/v2\/media?parent=9896"}],"wp:term":[{"taxonomy":"product_brand","embeddable":true,"href":"https:\/\/www.breesnewworld.nl\/de\/wp-json\/wp\/v2\/product_brand?post=9896"},{"taxonomy":"product_cat","embeddable":true,"href":"https:\/\/www.breesnewworld.nl\/de\/wp-json\/wp\/v2\/product_cat?post=9896"},{"taxonomy":"product_tag","embeddable":true,"href":"https:\/\/www.breesnewworld.nl\/de\/wp-json\/wp\/v2\/product_tag?post=9896"}],"curies":[{"name":"wp","href":"https:\/\/api.w.org\/{rel}","templated":true}]}}